{"id":3,"date":"2020-04-05T06:45:19","date_gmt":"2020-04-05T04:45:19","guid":{"rendered":"http:\/\/news.vunderatert.lu\/?page_id=3"},"modified":"2020-11-25T16:26:15","modified_gmt":"2020-11-25T15:26:15","slug":"politique-de-confidentialite","status":"publish","type":"page","link":"https:\/\/news.vunderatert.lu\/politique-de-confidentialite\/","title":{"rendered":"Datenschutzerkl\u00e4rung"},"content":{"rendered":"<h2>Kurz gesagt<\/h2>\n<p>Wir erheben und speichern Ihre personenbezogenen Daten, um Sie kontaktieren und Ihre Bestellungen bearbeiten zu k\u00f6nnen. Wir geben diese Daten niemals an Dritte weiter. Sie haben das Recht, diese einzusehen, zu korrigieren und nach Gebrauch zu l\u00f6schen. Wir versuchen, Missbrauch mit traditionellen Technologien (Verschl\u00fcsselung, Passwort,\u2026.) zu verhindern.<\/p>\n<h2>Lang gesagt<\/h2>\n<h3>Einf\u00fchrung<\/h3>\n<p>Bei der Entwicklung neuer Kommunikationsmittel ist es notwendig, dem Schutz der Privatsph\u00e4re besondere Aufmerksamkeit zu schenken. Aus diesem Grund verpflichten wir uns, die Vertraulichkeit der von uns erfassten personenbezogenen Daten zu respektieren.<\/p>\n<h3>Erfassung personenbezogener Daten<\/h3>\n<p>Wir erfassen die folgenden Informationen:<\/p>\n<ul>\n<li>Name<\/li>\n<li>Vorname<\/li>\n<li>Postanschrift<\/li>\n<li>Postleitzahl<\/li>\n<li>E-Mail-Adresse<\/li>\n<li>Telefon-\/Faxnummer<\/li>\n<\/ul>\n<p>Die von uns erfassten personenbezogenen Daten werden durch Formulare und durch die zwischen Ihnen und unserer Website bestehende Interaktivit\u00e4t erfasst. Wir verwenden auch, wie im folgenden Abschnitt beschrieben, Cookies und\/oder Protokolle, um Informationen \u00fcber Sie zu sammeln.<\/p>\n<h3>Formen und Interaktivit\u00e4t<\/h3>\n<p>Ihre personenbezogenen Daten werden \u00fcber Formulare erfasst, n\u00e4mlich:<\/p>\n<ul>\n<li>Website-Registrierungsformular<\/li>\n<li>Bestellformular<\/li>\n<li>Meinungsumfrage<\/li>\n<\/ul>\n<p>Wir verwenden die so erfassten Daten f\u00fcr die folgenden Zwecke:<\/p>\n<ul>\n<li>Verfolgung der Bestellung<\/li>\n<li>Kontaktinformationen<\/li>\n<\/ul>\n<p>Ihre Daten werden auch durch die Interaktivit\u00e4t erfasst, die zwischen Ihnen und unserer Website wie folgt hergestellt werden kann:<\/p>\n<ul>\n<li>Kontaktinformationen<\/li>\n<li>Auftragsmanagement<\/li>\n<\/ul>\n<p>Wir verwenden die so erfassten Daten f\u00fcr die folgenden Zwecke:<\/p>\n<ul>\n<li>Korrespondenz<\/li>\n<li>Protokoll- und Steuerdateien<\/li>\n<\/ul>\n<p>Wir erfassen bestimmte Informationen \u00fcber Protokolldateien und Cookies. Dies betrifft im Wesentlichen die folgenden Informationen:<\/p>\n<ul>\n<li>IP-Adresse<\/li>\n<li>Betriebssystem<\/li>\n<li>Besuchte Seiten und Anfragen<\/li>\n<li>Verbindungszeit und -tag<\/li>\n<\/ul>\n<p>Die Verwendung solcher Dateien erm\u00f6glicht es uns:<\/p>\n<ul>\n<li>Verbesserter Service und pers\u00f6nlicher Empfang<\/li>\n<li>Auftragsverfolgung<\/li>\n<li>Widerspruchs- und R\u00fccktrittsrecht<\/li>\n<\/ul>\n<p>Wir verpflichten uns, Ihnen das Recht einzur\u00e4umen, Ihren personenbezogenen Daten zu widersprechen und sie abzulehnen.<br \/>\nDas Widerspruchsrecht ist definiert als die M\u00f6glichkeit f\u00fcr Internetnutzer, die Verwendung ihrer personenbezogenen Daten f\u00fcr bestimmte, zum Zeitpunkt der Erhebung genannte Zwecke abzulehnen.<\/p>\n<p>Das Widerrufsrecht ist definiert als die M\u00f6glichkeit f\u00fcr Internetnutzer, zu verlangen, dass ihre personenbezogenen Daten nicht mehr z.B. auf einer Mailingliste erscheinen.<\/p>\n<p>Um diese Rechte aus\u00fcben zu k\u00f6nnen, k\u00f6nnen Sie:<br \/>\nE-Mail: vunderatert@gmail.com<br \/>\nWebsite-Bereich: vunderatert.lu\/<\/p>\n<h3>Zugangsrecht<\/h3>\n<p>Wir verpflichten uns, den Betroffenen, die Informationen \u00fcber sie einsehen, \u00e4ndern oder sogar l\u00f6schen m\u00f6chten, ein Recht auf Zugang und Berichtigung einzur\u00e4umen.<br \/>\nDie Aus\u00fcbung dieses Rechts wird erfolgen:<br \/>\nE-Mail: vunderatert@gmail.com<br \/>\nWebsite-Bereich: vunderatert.lu\/<\/p>\n<h3>Sicherheit und Gefahrenabwehr<\/h3>\n<p>Die von uns erfassten personenbezogenen Daten werden in einer sicheren Umgebung gespeichert. Die f\u00fcr uns t\u00e4tigen Personen sind verpflichtet, die Vertraulichkeit Ihrer Daten zu respektieren.<br \/>\nUm die Sicherheit Ihrer pers\u00f6nlichen Daten zu gew\u00e4hrleisten, verwenden wir die folgenden Ma\u00dfnahmen:<\/p>\n<ul>\n<li>SSL (Secure Sockets Layer) Protokoll<\/li>\n<li>Zutrittsmanagement \u2013 autorisierte Person<\/li>\n<li>Zugangsmanagement \u2013 Betroffene<\/li>\n<li>Computer-Backup<\/li>\n<li>Login \/ Passwort<\/li>\n<li>Firewalls (Firewalls)<\/li>\n<\/ul>\n<p>Wir verpflichten uns, ein hohes Ma\u00df an Vertraulichkeit zu wahren, indem wir die neuesten technologischen Innovationen integrieren, um die Vertraulichkeit Ihrer Transaktionen zu gew\u00e4hrleisten. Da jedoch kein einziger Mechanismus ein H\u00f6chstma\u00df an Sicherheit bietet, besteht bei der Nutzung des Internets zur \u00dcbertragung pers\u00f6nlicher Daten immer ein gewisses Risiko.<\/p>\n<h3>Etikett<\/h3>\n<p class=\"has-text-align-left\">Unsere Datenschutzverpflichtungen erf\u00fcllen die Anforderungen des folgenden Programms:<br \/>\n<strong>Let\u2019s Encrypt<\/strong><\/p>\n<h2>Gesetze und Vorschriften<\/h2>\n<p>Wir verpflichten uns, die luxemburgische Gesetzgebung einzuhalten.<\/p>\n<p>Mit der Registrierung auf unserer Website akzeptieren Sie unsere Datenschutzerkl\u00e4rung.<\/p>\n","protected":false},"excerpt":{"rendered":"<p>Wir erheben und speichern Ihre personenbezogenen Daten, um Sie kontaktieren und Ihre Bestellungen bearbeiten zu k\u00f6nnen. Wir geben diese Daten niemals an Dritte weiter.<\/p>\n","protected":false},"author":1,"featured_media":0,"parent":0,"menu_order":0,"comment_status":"closed","ping_status":"closed","template":"","meta":{"neve_meta_sidebar":"","neve_meta_container":"","neve_meta_enable_content_width":"","neve_meta_content_width":0,"neve_meta_title_alignment":"","neve_meta_author_avatar":"","neve_post_elements_order":"","neve_meta_disable_header":"","neve_meta_disable_footer":"","neve_meta_disable_title":"","_themeisle_gutenberg_block_has_review":false},"_links":{"self":[{"href":"https:\/\/news.vunderatert.lu\/wp-json\/wp\/v2\/pages\/3"}],"collection":[{"href":"https:\/\/news.vunderatert.lu\/wp-json\/wp\/v2\/pages"}],"about":[{"href":"https:\/\/news.vunderatert.lu\/wp-json\/wp\/v2\/types\/page"}],"author":[{"embeddable":true,"href":"https:\/\/news.vunderatert.lu\/wp-json\/wp\/v2\/users\/1"}],"replies":[{"embeddable":true,"href":"https:\/\/news.vunderatert.lu\/wp-json\/wp\/v2\/comments?post=3"}],"version-history":[{"count":0,"href":"https:\/\/news.vunderatert.lu\/wp-json\/wp\/v2\/pages\/3\/revisions"}],"wp:attachment":[{"href":"https:\/\/news.vunderatert.lu\/wp-json\/wp\/v2\/media?parent=3"}],"curies":[{"name":"wp","href":"https:\/\/api.w.org\/{rel}","templated":true}]}}