{"id":466,"date":"2020-03-04T16:14:40","date_gmt":"2020-03-04T15:14:40","guid":{"rendered":"https:\/\/news.vunderatert.lu\/?page_id=466"},"modified":"2021-10-29T06:07:38","modified_gmt":"2021-10-29T04:07:38","slug":"zaitgemeis","status":"publish","type":"page","link":"https:\/\/news.vunderatert.lu\/about-us\/zaitgemeis\/","title":{"rendered":"Z\u00e4itGem\u00e9is"},"content":{"rendered":"<p>Bestellen Sie online Ihr Lieblingsgem\u00fcse f\u00fcr die Saison 2022. Sie werden von Mai bis Dezember zur Verf\u00fcgung stehen, dienstags, in Beckerich.<\/p>\r\n<p>Wir produzieren sie f\u00fcr Sie vor Ort, ohne Pestizide und GVO und in einer Partnerschaft der Solidarit\u00e4t zwischen den Produzenten und Ihnen, dem bewussten Verbraucher.<\/p>\r\n<div class=\"wp-block-columns\">\r\n<div class=\"wp-block-column\">\u00a0<\/div>\r\n<\/div>\r\n<div class=\"wp-block-buttons aligncenter\">\r\n<div class=\"wp-block-button\"><a class=\"wp-block-button__link\" href=\"#formulaire\" target=\"_blank\" rel=\"noreferrer noopener\">MITMACHEN<\/a><\/div>\r\n<div class=\"wp-block-button\"><a class=\"wp-block-button__link\" href=\"#infos\">MEHR INFORMATIONEN<\/a><\/div>\r\n<\/div>\r\n<div class=\"wp-block-media-text alignwide has-media-on-the-right is-stacked-on-mobile is-vertically-aligned-top\">\r\n<figure class=\"wp-block-media-text__media\"><img decoding=\"async\" loading=\"lazy\" width=\"1024\" height=\"768\" class=\"wp-image-842 size-full\" src=\"https:\/\/news.vunderatert.lu\/wp-content\/uploads\/2020\/11\/panier-moyen-1024x768.jpg\" alt=\"\" srcset=\"https:\/\/news.vunderatert.lu\/wp-content\/uploads\/2020\/11\/panier-moyen-1024x768.jpg 1024w, https:\/\/news.vunderatert.lu\/wp-content\/uploads\/2020\/11\/panier-moyen-600x450.jpg 600w, https:\/\/news.vunderatert.lu\/wp-content\/uploads\/2020\/11\/panier-moyen-300x225.jpg 300w, https:\/\/news.vunderatert.lu\/wp-content\/uploads\/2020\/11\/panier-moyen-768x576.jpg 768w, https:\/\/news.vunderatert.lu\/wp-content\/uploads\/2020\/11\/panier-moyen-1536x1152.jpg 1536w, https:\/\/news.vunderatert.lu\/wp-content\/uploads\/2020\/11\/panier-moyen-1320x990.jpg 1320w, https:\/\/news.vunderatert.lu\/wp-content\/uploads\/2020\/11\/panier-moyen.jpg 1600w\" sizes=\"(max-width: 1024px) 100vw, 1024px\" \/><\/figure>\r\n<div class=\"wp-block-media-text__content\">\r\n<p>Sie erhalten einen <strong>Korb mit einer gro\u00dfen Auswahl an Gem\u00fcse<\/strong> der Saison (siehe unseren<a href=\"#calendrier\"> Produktionskalender<\/a>).<\/p>\r\n<p>Sie k\u00f6nnen w\u00e4hlen, wie oft Sie Ihr Gem\u00fcse mitnehmen: <strong>jeden Dienstag oder jeden zweiten Dienstag<\/strong>.<\/p>\r\n<p>Sie k\u00f6nnen die <strong>Gr\u00f6\u00dfe<\/strong> Ihres Korbes w\u00e4hlen, klein (~2 Erwachsene) oder gro\u00df (~2 Erwachsene + 3 Kinder).<\/p>\r\n<p>Nach dem Prinzip der <a href=\"https:\/\/www.solawi.lu\/was-ist-solidarische-landwirtschaft\/\" target=\"_blank\" rel=\"noreferrer noopener\"><strong>solidarische Landwirtschaft<\/strong><\/a> h\u00e4ngen die geernteten Mengen von der Jahreszeit und der Natur (Sonnenschein, Sch\u00e4dlinge) ab. Wir rechnen mit 10 bis 20% zus\u00e4tzlicher Produktion, die Sie kostenlos erhalten, wenn alles gut geht. Wenn alles schlecht l\u00e4uft, k\u00f6nnen die verf\u00fcgbaren Mengen f\u00fcr einige Wochen abnehmen.<\/p>\r\n<p>Unser <strong>Sortiment<\/strong> erm\u00f6glicht es Ihnen, bekannte Gem\u00fcsesorten zu erhalten (Salate, Lauch, Karotten, Kohl, Tomaten, Kr\u00e4uter, Gurken&#8230;) und gleichzeitig originelle oder \u00fcberraschende Produkte zu entdecken (Luxemburger Melone, Hornkraut, rosa Rettich, essbare Blumen&#8230;)<\/p>\r\n<p><a href=\"https:\/\/news.vunderatert.lu\/de\/produits\/zaitgemeis\/#infos\" data-type=\"internal\" data-id=\"#infos\">Weitere Erkl\u00e4rungen<\/a> unten.<\/p>\r\n<\/div>\r\n<\/div>\r\n<h2 id=\"infos\">H\u00e4ufig gestellte Fragen<\/h2>\r\n<h4>Wie viel kostet ein Korb?<\/h4>\r\n<p>K\u00f6rbe (gro\u00df oder klein) mit <strong>verschiedenen biologischen Gem\u00fcsesorten<\/strong> der Saison k\u00f6nnen jede Woche oder jede zweite Woche mitgenommen werden, je nach Wunsch. Der Grundpreis deckt die Kosten der Betriebsmittel und zahlt den Teammitgliedern den Mindestlohn.<\/p>\r\n<p>F\u00fcr diejenigen, die unser Projekt auf eine engagiertere Weise unterst\u00fctzen m\u00f6chten, schlagen wir vor, unsere Arbeit mit einem Solidarit\u00e4tszuschlag Ihrer Wahl zwischen 100 und 500 \u20ac aufzuwerten.<\/p>\r\n<p>Wir schlagen weniger wohlhabenden Menschen vor, uns am Mittwochmorgen bei der Ernte zu helfen und daf\u00fcr einen kostenlosen Korb zu erhalten.<\/p>\r\n<p><!-- \/wp:paragraph -->\r\n\r\n<!-- wp:table --><\/p>\r\n<figure class=\"wp-block-table\">\r\n<table>\r\n<tbody>\r\n<tr>\r\n<td>Korb \\ H\u00e4ufigkeit<\/td>\r\n<td class=\"has-text-align-center\" data-align=\"center\">jede Woche<\/td>\r\n<td class=\"has-text-align-center\" data-align=\"center\">jede zweite Woche<\/td>\r\n<\/tr>\r\n<tr>\r\n<td>gro\u00dfer Korb<\/td>\r\n<td class=\"has-text-align-center\" data-align=\"center\">990\u20ac<\/td>\r\n<td class=\"has-text-align-center\" data-align=\"center\">500\u20ac<\/td>\r\n<\/tr>\r\n<tr>\r\n<td>kleiner Korb<\/td>\r\n<td class=\"has-text-align-center\" data-align=\"center\">600\u20ac<\/td>\r\n<td class=\"has-text-align-center\" data-align=\"center\">300\u20ac<\/td>\r\n<\/tr>\r\n<\/tbody>\r\n<\/table>\r\n<figcaption>Preis f\u00fcr eine Saison mit verschiedenen K\u00f6rben<\/figcaption>\r\n<\/figure>\r\n<p><br \/><a href=\"#formulaire\">SUBSCRIBE f\u00fcr einen saisonalen Korb<\/a><\/p>\r\n<h4>Bieten Sie eine Lieferung an?<\/h4>\r\n<div class=\"wp-block-image\">\r\n<figure class=\"alignright size-large is-resized\"><img decoding=\"async\" loading=\"lazy\" class=\"wp-image-557\" src=\"https:\/\/news.vunderatert.lu\/wp-content\/uploads\/2020\/05\/vege-pooling-e1590063728637.png\" sizes=\"(max-width: 271px) 100vw, 271px\" srcset=\"https:\/\/news.vunderatert.lu\/wp-content\/uploads\/2020\/05\/vege-pooling-e1590063728637.png 561w, https:\/\/news.vunderatert.lu\/wp-content\/uploads\/2020\/05\/vege-pooling-e1590063728637-300x135.png 300w\" alt=\"VegePool\" width=\"271\" height=\"122\" \/>\r\n<figcaption>VegePool : Fahrgemeinschaften<\/figcaption>\r\n<\/figure>\r\n<\/div>\r\n<p>Wir bieten erstens interessierten Kunden an, Fahrgemeinschaften f\u00fcr Gem\u00fcse zu organisieren, den \u201e<a href=\"https:\/\/news.vunderatert.lu\/2020\/05\/co-voiturage-pour-vos-legumes\/\" data-type=\"post\" data-id=\"545\">VegePool<\/a>\u201e. Wenn Sie zu viert sind, k\u00f6nnen Sie Ihren Einkaufswagen 3 Mal erhalten und den Einkaufswagen Ihres Nachbarn einmal im Monat zur gleichen Zeit wie Ihren eigenen abholen.<\/p>\r\n<p>Wenn Ihnen das zu schwierig ist, suchen wir derzeit nach einem Lieferservice, der zwischen 8 und 10 \u20ac pro Korb liegt.<\/p>\r\n<div class=\"wp-block-columns\">\r\n<div class=\"wp-block-column\">\r\n<h4>Welche Gem\u00fcse sind erh\u00e4ltlich?<\/h4>\r\nWir versuchen, eine breite Palette von Gem\u00fcse der lokalen Saison zu produzieren, entsprechend dem nebenstehenden Kalender (oder\u00a0<a href=\"http:\/\/static.vunderatert.lu\/calendrier.pdf\">pdf zum Herunterladen<\/a>). Andere seltenere oder originelle Produkte sind ebenfalls einmalig in unseren Sortimenten erh\u00e4ltlich (Melone, essbare Bl\u00fcten, Pastinaken, \u2026). Fr\u00fcchte k\u00f6nnten in der Saison vorgeschlagen werden, wir m\u00fcssen noch die Ernte sicherstellen, kontaktieren Sie uns, wenn diese Aktivit\u00e4t Sie interessieren k\u00f6nnte, auch p\u00fcnktlich.<\/div>\r\n<div class=\"wp-block-column\">\r\n<figure class=\"wp-block-image size-large\"><a href=\"http:\/\/static.vunderatert.lu\/calendrier.png\"><img decoding=\"async\" src=\"http:\/\/static.vunderatert.lu\/calendrier.png\" alt=\"\" \/><\/a><\/figure>\r\n<\/div>\r\n<\/div>\r\n<div class=\"wp-block-image\">\r\n<figure class=\"alignleft size-large is-resized\"><img decoding=\"async\" loading=\"lazy\" src=\"http:\/\/static.vunderatert.lu\/logos\/organic_logo.jpg\" alt=\"\" width=\"191\" height=\"127\" \/><\/figure>\r\n<\/div>\r\n<h4>Ist es BIO ?<\/h4>\r\n<p>Ja, wir sind seit Ferbruar 2021 <strong>Bio-Zertifizierte<\/strong>. Unsere Produkte werden bereits\u00a0<strong>seit 6 Jahren v\u00f6llig nat\u00fcrlich produziert. <\/strong>Unser Zertifikat ist selbstverst\u00e4ndlich\u00a0<a href=\"http:\/\/static.vunderatert.lu\/certificat%20BIO%20GaV.pdf\">online verf\u00fcgbar (pdf)<\/a>.<\/p>\r\n<h4>Wie gro\u00df ist eine Portion?<\/h4>\r\n<div class=\"wp-block-image\">\r\n<figure class=\"alignright size-large is-resized\"><img decoding=\"async\" loading=\"lazy\" class=\"wp-image-800\" src=\"https:\/\/news.vunderatert.lu\/wp-content\/uploads\/2020\/11\/xygfxcvbjca-683x1024.jpg\" sizes=\"(max-width: 218px) 100vw, 218px\" srcset=\"https:\/\/news.vunderatert.lu\/wp-content\/uploads\/2020\/11\/xygfxcvbjca-683x1024.jpg 683w, https:\/\/news.vunderatert.lu\/wp-content\/uploads\/2020\/11\/xygfxcvbjca-200x300.jpg 200w, https:\/\/news.vunderatert.lu\/wp-content\/uploads\/2020\/11\/xygfxcvbjca-768x1152.jpg 768w, https:\/\/news.vunderatert.lu\/wp-content\/uploads\/2020\/11\/xygfxcvbjca-1024x1536.jpg 1024w, https:\/\/news.vunderatert.lu\/wp-content\/uploads\/2020\/11\/xygfxcvbjca-1365x2048.jpg 1365w, https:\/\/news.vunderatert.lu\/wp-content\/uploads\/2020\/11\/xygfxcvbjca-1320x1980.jpg 1320w, https:\/\/news.vunderatert.lu\/wp-content\/uploads\/2020\/11\/xygfxcvbjca-scaled.jpg 1707w\" alt=\"white and brown weighing scale at 0\" width=\"218\" height=\"327\" \/><\/figure>\r\n<\/div>\r\n<p>Im Allgemeinen das, was man auf dem Markt findet: 1 Kohl, ein Bund mit 3 gro\u00dfen oder 6 kleinen Lauchstangen, 1 Salat,\u2026<\/p>\r\n<p>Die Menge, die schlie\u00dflich f\u00fcr Sie reserviert wird, kann je nach der Ernte des Tages variieren. Zum Beispiel kann er zu Beginn der Zucchini-Erntezeit etwas niedriger und in der Mitte der Saison etwas h\u00f6her sein. Wir versuchen, die beantragten Mengen zu erf\u00fcllen, indem wir systematisch eine \u00dcberschussproduktion von 10 bis 20% voraussehen, um die klimatischen Gefahren und die normalen Sch\u00e4dlinge des \u00f6kologischen Anbaus zu integrieren.<\/p>\r\n<p>Die Ernte wird systematisch vollst\u00e4ndig unter allen Essern dieses Gem\u00fcses aufgeteilt. So kann eine Portion alter Tomaten zwischen 500 g (im Juli und Oktober) und 2 kg (im August 2020) schwanken. Sie zahlen keine Differenz f\u00fcr gro\u00dfe Portionen, wir erstatten sie auch nicht an Schnecken-Invasionstagen.<\/p>\r\n<h4>Muss ich jede Woche Gem\u00fcse einnehmen?<\/h4>\r\n<p>Nein, Sie w\u00e4hlen die\u00a0<strong>f\u00fcr Sie passende Frequenz<\/strong>. Jede Dienstage, jede zweite Woche. Sie k\u00f6nnen auch eine gr\u00f6\u00dfere Einzelmenge verlangen, z.B. f\u00fcr die Herstellung von Konserven oder Tiefk\u00fchlkost. Es wird Ihnen zum Zeitpunkt einer Produktionsspitze vorgeschlagen, um eine gro\u00dfz\u00fcgige Menge zu gew\u00e4hrleisten, es sei denn, Sie kontaktieren uns f\u00fcr eine andere Vereinbarung.<\/p>\r\n<p>Die H\u00e4ufigkeit Ihres Abonnements ist festgelegt. Schlagen Sie also Ihrem Nachbarn oder Cousin vor, in der Woche, in der Sie in Urlaub gefahren sind, Ihren Korb abzuholen.<\/p>\r\n<h4>Wann bekomme ich mein Gem\u00fcse?<\/h4>\r\n<p>Ihr Gem\u00fcse ist zwischen Mai und Dezember,\u00a0<strong>dienstags zwischen 17 und 19 Uhr<\/strong>\u00a0in Beckerich erh\u00e4ltlich (<a href=\"https:\/\/news.vunderatert.lu\/plan-dacces\/\" data-type=\"page\" data-id=\"440\">siehe Anfahrtsskizze<\/a>). Wir werden versuchen, in naher Zukunft einen Keller einzurichten, der auch au\u00dferhalb dieser Zeiten zug\u00e4nglich ist.<\/p>\r\n<h4>Ich w\u00fcrde gerne g\u00e4rtnern, ist das m\u00f6glich?<\/h4>\r\n<p>Ja, wir werden wahrscheinlich regelm\u00e4\u00dfige &#8222;Samstagvormittage im Garten&#8220; veranstalten. Offen f\u00fcr Familien, unter Einhaltung der geltenden Gesundheitsvorschriften. Es wird Gelegenheiten geben, zu g\u00e4rtnern, zu basteln, zu lernen, zu beobachten, sich auszutauschen&#8230; alles auf n\u00fctzliche und angenehme Weise.<\/p>\r\n<p>Auch Auszubildende und neue Partner sind bei uns willkommen. <a href=\"\/de\/contact\/\">Kontaktieren Sie uns<\/a>, wenn Sie interessiert sind.<\/p>\r\n<h4>Ich will\u00a0<em>nicht<\/em>\u00a0g\u00e4rtnern! Ist das m\u00f6glich?<\/h4>\r\n<p>Ja, Sie k\u00f6nnen aktiv an anderen Aktivit\u00e4ten der Genossenschaft teilnehmen (Pressen von Apfelsaft, Herstellung oder Wartung von Werkzeugen, Werbung, Sekretariatsarbeiten, Transport,\u2026), je nach Ihren F\u00e4higkeiten und M\u00f6glichkeiten.<\/p>\r\n<p>\u00dcberzeugt?\u00a0<a class=\"button\" href=\"#formulaire\">ABONNIEREN Sie sich<\/a><\/p>\r\n<p>Haben Sie noch Fragen?\u00a0<a href=\"https:\/\/news.vunderatert.lu\/contact\/\" data-type=\"page\" data-id=\"267\">Schicken Sie uns eine E-Mail<\/a>!<\/p>\r\n<h3  id=\"formulaire\">Abonnement f\u00fcr den gemischten Gem\u00fcsekorb<\/h3>\r\n<p>F\u00fcllen Sie das untenstehende Formular aus, um den gemischten Gem\u00fcsekorb in der f\u00fcr Sie passenden Gr\u00f6\u00dfe und H\u00e4ufigkeit zu abonnieren.<\/p>\r\n\n<div class=\"wpcf7 no-js\" id=\"wpcf7-f1182-o1\" lang=\"fr-FR\" dir=\"ltr\">\n<div class=\"screen-reader-response\"><p role=\"status\" aria-live=\"polite\" aria-atomic=\"true\"><\/p> <ul><\/ul><\/div>\n<form action=\"\/de\/wp-json\/wp\/v2\/pages\/466#wpcf7-f1182-o1\" method=\"post\" class=\"wpcf7-form init\" aria-label=\"Formulaire de contact\" novalidate=\"novalidate\" data-status=\"init\">\n<div style=\"display: none;\">\n<input type=\"hidden\" name=\"_wpcf7\" value=\"1182\" \/>\n<input type=\"hidden\" name=\"_wpcf7_version\" value=\"5.7.4\" \/>\n<input type=\"hidden\" name=\"_wpcf7_locale\" value=\"fr_FR\" \/>\n<input type=\"hidden\" name=\"_wpcf7_unit_tag\" value=\"wpcf7-f1182-o1\" \/>\n<input type=\"hidden\" name=\"_wpcf7_container_post\" value=\"0\" \/>\n<input type=\"hidden\" name=\"_wpcf7_posted_data_hash\" value=\"\" \/>\n<\/div>\n<h4>Ihre Kontaktinformationen\n\t<h4><br \/>\n<span class=\"wpcf7-form-control-wrap\" data-name=\"salutation\"><select class=\"wpcf7-form-control wpcf7-select wpcf7-validates-as-required\" aria-required=\"true\" aria-invalid=\"false\" name=\"salutation\"><option value=\"Frau\">Frau<\/option><option value=\"Fraulein\">Fraulein<\/option><option value=\"Herr\">Herr<\/option><option value=\"\"><\/option><\/select><\/span><br \/>\n<span class=\"wpcf7-form-control-wrap\" data-name=\"nom\"><input size=\"40\" class=\"wpcf7-form-control wpcf7-text wpcf7-validates-as-required\" aria-required=\"true\" aria-invalid=\"false\" placeholder=\"Nachname\" value=\"\" type=\"text\" name=\"nom\" \/><\/span> <span class=\"wpcf7-form-control-wrap\" data-name=\"prenom\"><input size=\"40\" class=\"wpcf7-form-control wpcf7-text wpcf7-validates-as-required\" aria-required=\"true\" aria-invalid=\"false\" placeholder=\"Vorname\" value=\"\" type=\"text\" name=\"prenom\" \/><\/span><br \/>\n<span class=\"wpcf7-form-control-wrap\" data-name=\"rue\"><input size=\"40\" class=\"wpcf7-form-control wpcf7-text wpcf7-validates-as-required\" aria-required=\"true\" aria-invalid=\"false\" placeholder=\"Stra\u00dfe und Hausnummer\" value=\"\" type=\"text\" name=\"rue\" \/><\/span> <span class=\"wpcf7-form-control-wrap\" data-name=\"loc\"><input size=\"40\" class=\"wpcf7-form-control wpcf7-text wpcf7-validates-as-required\" aria-required=\"true\" aria-invalid=\"false\" placeholder=\"Postleitzahl und Ort\" value=\"\" type=\"text\" name=\"loc\" \/><\/span><br \/>\n<span class=\"wpcf7-form-control-wrap\" data-name=\"mail\"><input size=\"40\" class=\"wpcf7-form-control wpcf7-text wpcf7-email wpcf7-validates-as-required wpcf7-validates-as-email\" aria-required=\"true\" aria-invalid=\"false\" placeholder=\"E-Mail\" value=\"\" type=\"email\" name=\"mail\" \/><\/span> <span class=\"wpcf7-form-control-wrap\" data-name=\"mailCC\"><input size=\"40\" class=\"wpcf7-form-control wpcf7-text wpcf7-email wpcf7-validates-as-email\" aria-invalid=\"false\" placeholder=\"andere E-Mail f\u00fcr eine Kopie (optional)\" value=\"\" type=\"email\" name=\"mailCC\" \/><\/span><br \/>\n<span class=\"wpcf7-form-control-wrap\" data-name=\"tel\"><input size=\"40\" class=\"wpcf7-form-control wpcf7-text wpcf7-tel wpcf7-validates-as-required wpcf7-validates-as-tel\" aria-required=\"true\" aria-invalid=\"false\" placeholder=\"Telefon\" value=\"\" type=\"tel\" name=\"tel\" \/><\/span><br \/>\n\t\t<h4>Ihr Abonnement\n\t\t<\/h4><br \/>\nIch m\u00f6chte den Vun der Atert-Gem\u00fcsekorb abonnieren und als Korbrezept w\u00e4hlen:<br \/>\n<span class=\"wpcf7-form-control-wrap\" data-name=\"panier\"><select class=\"wpcf7-form-control wpcf7-select wpcf7-validates-as-required\" aria-required=\"true\" aria-invalid=\"false\" name=\"panier\"><option value=\"W\u00e4hlen Sie ein gro\u00dfer Korb jede Woche (990\u20ac)\">W\u00e4hlen Sie ein gro\u00dfer Korb jede Woche (990\u20ac)<\/option><option value=\"ein gro\u00dfer Korb jede zweite Woche (500\u20ac)\">ein gro\u00dfer Korb jede zweite Woche (500\u20ac)<\/option><option value=\"ein kleiner Korb jede Woche (600\u20ac)\">ein kleiner Korb jede Woche (600\u20ac)<\/option><option value=\"ein kleiner Korb jede zweite Woche (300\u20ac)\">ein kleiner Korb jede zweite Woche (300\u20ac)<\/option><\/select><\/span><br \/>\nIch unterst\u00fctze das Projekt mit einem Solidarit\u00e4tszuschlag von <span class=\"wpcf7-form-control-wrap\" data-name=\"complement\"><input size=\"40\" class=\"wpcf7-form-control wpcf7-text\" aria-invalid=\"false\" placeholder=\"freier Betrag\" value=\"\" type=\"text\" name=\"complement\" \/><\/span><br \/>\nIch m\u00f6chte in <span class=\"wpcf7-form-control-wrap\" data-name=\"paiement\"><span class=\"wpcf7-form-control wpcf7-radio\"><span class=\"wpcf7-list-item first\"><input type=\"radio\" name=\"paiement\" value=\"1 Mal\" checked=\"checked\" \/><span class=\"wpcf7-list-item-label\">1 Mal<\/span><\/span><span class=\"wpcf7-list-item last\"><input type=\"radio\" name=\"paiement\" value=\"3 Raten (50% bei Bestellung + 25% Juli + 25% September)\" \/><span class=\"wpcf7-list-item-label\">3 Raten (50% bei Bestellung + 25% Juli + 25% September)<\/span><\/span><\/span><\/span><br \/>\nEs ist auch m\u00f6glich, nach Vereinbarung in BEKI zu bezahlen.<br \/>\n\t\t<h4>Praktische Seite\n\t\t<\/h4><br \/>\nIch m\u00f6chte an der Gem\u00fcsekorb-Fahrgemeinschaft teilnehmen, um ein paar Fahrten zu sparen, und bin damit einverstanden, dass meine Daten an andere Mitglieder dieser Gruppe weitergegeben werden: <span class=\"wpcf7-form-control-wrap\" data-name=\"vegepool\"><span class=\"wpcf7-form-control wpcf7-radio\"><span class=\"wpcf7-list-item first\"><input type=\"radio\" name=\"vegepool\" value=\"ja\" checked=\"checked\" \/><span class=\"wpcf7-list-item-label\">ja<\/span><\/span><span class=\"wpcf7-list-item last\"><input type=\"radio\" name=\"vegepool\" value=\"nein\" \/><span class=\"wpcf7-list-item-label\">nein<\/span><\/span><\/span><\/span><br \/>\nIch bin an einem Lieferservice in meinem Wohnort oder zu Hause interessiert, der entsprechend dem angebotenen Preis zu best\u00e4tigen ist <span class=\"wpcf7-form-control-wrap\" data-name=\"livraison\"><span class=\"wpcf7-form-control wpcf7-radio\"><span class=\"wpcf7-list-item first\"><input type=\"radio\" name=\"livraison\" value=\"ja\" \/><span class=\"wpcf7-list-item-label\">ja<\/span><\/span><span class=\"wpcf7-list-item last\"><input type=\"radio\" name=\"livraison\" value=\"nein\" checked=\"checked\" \/><span class=\"wpcf7-list-item-label\">nein<\/span><\/span><\/span><\/span><br \/>\nDie folgenden Gem\u00fcsesorten mag ich weniger:<br \/>\n<span class=\"wpcf7-form-control-wrap\" data-name=\"bof\"><input size=\"40\" class=\"wpcf7-form-control wpcf7-text\" aria-invalid=\"false\" placeholder=\"maximal 3 Gem\u00fcse\" value=\"\" type=\"text\" name=\"bof\" \/><\/span><br \/>\nDie folgenden Gem\u00fcsesorten mag ich sehr:<br \/>\n<span class=\"wpcf7-form-control-wrap\" data-name=\"miam\"><input size=\"40\" class=\"wpcf7-form-control wpcf7-text\" aria-invalid=\"false\" placeholder=\"maximal 3 Gem\u00fcse\" value=\"\" type=\"text\" name=\"miam\" \/><\/span><br \/>\n\t\t<h4>Ihre Meinung z\u00e4hlt f\u00fcr uns!\n\t\t<\/h4><br \/>\nWie sind Sie auf die Genossenschaft Vun der Atert aufmerksam geworden?<br \/>\n<span class=\"wpcf7-form-control-wrap\" data-name=\"origine\"><textarea cols=\"60\" rows=\"3\" class=\"wpcf7-form-control wpcf7-textarea\" aria-invalid=\"false\" placeholder=\"ein Bekannter, eine E-Mail, ein Presseartikel, mein Lebensmittelh\u00e4ndler, die letzte Saison,...\" name=\"origine\"><\/textarea><\/span><br \/>\n<span class=\"wpcf7-form-control-wrap\" data-name=\"suggestion\"><textarea cols=\"60\" rows=\"3\" class=\"wpcf7-form-control wpcf7-textarea\" aria-invalid=\"false\" placeholder=\"Eine Anregung, ein Vorschlag, eine Idee oder eine Bemerkung?\" name=\"suggestion\"><\/textarea><\/span><br \/>\n<input class=\"wpcf7-form-control has-spinner wpcf7-submit\" type=\"submit\" value=\"Send\" \/>\n\t<\/h4>\n<\/h4><input type=\"text\" name=\"gqQZo\" value=\"\" style=\"display: none !important;\" \/><div class=\"wpcf7-response-output\" aria-hidden=\"true\"><\/div>\n<\/form>\n<\/div>\n","protected":false},"excerpt":{"rendered":"<p>Bestellen Sie online Ihr Lieblingsgem\u00fcse f\u00fcr die Saison 2022. Sie werden von Mai bis Dezember zur Verf\u00fcgung stehen, dienstags, in Beckerich. Wir produzieren sie f\u00fcr Sie vor Ort, ohne Pestizide und GVO und in einer Partnerschaft der Solidarit\u00e4t zwischen den Produzenten und Ihnen, dem bewussten Verbraucher. \u00a0 MITMACHEN MEHR INFORMATIONEN Sie erhalten einen Korb mit&hellip;&nbsp;<a href=\"https:\/\/news.vunderatert.lu\/about-us\/zaitgemeis\/\" class=\"\" rel=\"bookmark\">Weiterlesen &raquo;<span class=\"screen-reader-text\">Z\u00e4itGem\u00e9is<\/span><\/a><\/p>\n","protected":false},"author":1,"featured_media":333,"parent":265,"menu_order":0,"comment_status":"closed","ping_status":"closed","template":"","meta":{"neve_meta_sidebar":"right","neve_meta_container":"contained","neve_meta_enable_content_width":"off","neve_meta_content_width":100,"neve_meta_title_alignment":"","neve_meta_author_avatar":"","neve_post_elements_order":"","neve_meta_disable_header":"","neve_meta_disable_footer":"","neve_meta_disable_title":"","_themeisle_gutenberg_block_has_review":false},"_links":{"self":[{"href":"https:\/\/news.vunderatert.lu\/wp-json\/wp\/v2\/pages\/466"}],"collection":[{"href":"https:\/\/news.vunderatert.lu\/wp-json\/wp\/v2\/pages"}],"about":[{"href":"https:\/\/news.vunderatert.lu\/wp-json\/wp\/v2\/types\/page"}],"author":[{"embeddable":true,"href":"https:\/\/news.vunderatert.lu\/wp-json\/wp\/v2\/users\/1"}],"replies":[{"embeddable":true,"href":"https:\/\/news.vunderatert.lu\/wp-json\/wp\/v2\/comments?post=466"}],"version-history":[{"count":0,"href":"https:\/\/news.vunderatert.lu\/wp-json\/wp\/v2\/pages\/466\/revisions"}],"up":[{"embeddable":true,"href":"https:\/\/news.vunderatert.lu\/wp-json\/wp\/v2\/pages\/265"}],"wp:featuredmedia":[{"embeddable":true,"href":"https:\/\/news.vunderatert.lu\/wp-json\/wp\/v2\/media\/333"}],"wp:attachment":[{"href":"https:\/\/news.vunderatert.lu\/wp-json\/wp\/v2\/media?parent=466"}],"curies":[{"name":"wp","href":"https:\/\/api.w.org\/{rel}","templated":true}]}}