{"id":492,"date":"2020-04-04T17:16:30","date_gmt":"2020-04-04T15:16:30","guid":{"rendered":"https:\/\/news.vunderatert.lu\/?page_id=492"},"modified":"2023-02-08T09:58:17","modified_gmt":"2023-02-08T08:58:17","slug":"accueil","status":"publish","type":"page","link":"https:\/\/news.vunderatert.lu\/","title":{"rendered":"Accueil"},"content":{"rendered":"\r\n<div id=\"wp-block-themeisle-blocks-advanced-columns-0657d71b\" class=\"wp-block-themeisle-blocks-advanced-columns has-2-columns has-desktop-oneTwo-layout has-tablet-equal-layout has-mobile-collapsedRows-layout has-default-gap has-vertical-unset\">\r\n<div class=\"wp-block-themeisle-blocks-advanced-columns-overlay\">\u00a0<\/div>\r\n<div class=\"innerblocks-wrap\">\r\n<div id=\"wp-block-themeisle-blocks-advanced-column-2d72464f\" class=\"wp-block-themeisle-blocks-advanced-column\">\r\n<p>Lust auf biologisches, regionales, saisonales und fair gehandeltes Gem\u00fcse?<\/p>\r\n\r\n\r\n\r\n<div class=\"is-layout-flex wp-block-buttons\">\r\n<div class=\"wp-block-button\"><a class=\"wp-block-button__link\" href=\"https:\/\/news.vunderatert.lu\/de\/about-us\/zaitgemeis\/\">Informationen<\/a><\/div>\r\n\r\n\r\n\r\n<div class=\"wp-block-button\"><a class=\"wp-block-button__link\" href=\"https:\/\/news.vunderatert.lu\/de\/about-us\/zaitgemeis#formulaire\">Mitmachen<\/a><\/div>\r\n<\/div>\r\n\r\n\r\n\r\n<figure class=\"wp-block-image size-full\"><a href=\"https:\/\/news.vunderatert.lu\/about-us\/zaitgemeis\/\"><img decoding=\"async\" loading=\"lazy\" width=\"530\" height=\"817\" class=\"wp-image-1186\" src=\"https:\/\/news.vunderatert.lu\/wp-content\/uploads\/2021\/10\/ZaitGemeisGaV2022.png\" alt=\"Prenez un abonnement pour des d\u00e9licieux l\u00e9gumes. Chaque semaine ou une semaine sur 2.\" srcset=\"https:\/\/news.vunderatert.lu\/wp-content\/uploads\/2021\/10\/ZaitGemeisGaV2022.png 530w, https:\/\/news.vunderatert.lu\/wp-content\/uploads\/2021\/10\/ZaitGemeisGaV2022-195x300.png 195w\" sizes=\"(max-width: 530px) 100vw, 530px\" \/><\/a><\/figure>\r\n\r\n\r\n\r\n<p>Sprechen Sie mit Ihren Nachbarn, Freunden und in sozialen Netzwerken \u00fcber uns.<\/p>\r\n\r\n\r\n\r\n<div id=\"wp-block-themeisle-blocks-button-group-c799ce9e\" class=\"wp-block-themeisle-blocks-button-group wp-block-buttons align-center\">\r\n<div id=\"wp-block-themeisle-blocks-button-a42deb6a\" class=\"wp-block-themeisle-blocks-button wp-block-button\"><a class=\"wp-block-button__link\" href=\"https:\/\/www.facebook.com\/sharer\/sharer.php?u=https:\/\/news.vunderatert.lu\/\" target=\"_blank\" rel=\"noopener noreferrer\">Share on Facebook<\/a><\/div>\r\n\r\n\r\n\r\n<div id=\"wp-block-themeisle-blocks-button-5ceea496\" class=\"wp-block-themeisle-blocks-button wp-block-button\"><a class=\"wp-block-button__link\" href=\"https:\/\/twitter.com\/home?status=https:\/\/news.vunderatert.lu\/\" target=\"_self\" rel=\"noopener noreferrer\">tweet<\/a><\/div>\r\n<\/div>\r\n<\/div>\r\n\r\n\r\n\r\n<div id=\"wp-block-themeisle-blocks-advanced-column-7c23d21a\" class=\"wp-block-themeisle-blocks-advanced-column\"><ul class=\"wp-block-latest-posts__list wp-block-latest-posts\"><li><div class=\"wp-block-latest-posts__featured-image alignright\"><img width=\"150\" height=\"150\" src=\"https:\/\/news.vunderatert.lu\/wp-content\/uploads\/2021\/11\/maxime-150x150.jpg\" class=\"attachment-thumbnail size-thumbnail wp-post-image\" alt=\"\" decoding=\"async\" loading=\"lazy\" style=\"\" \/><\/div><a class=\"wp-block-latest-posts__post-title\" href=\"https:\/\/news.vunderatert.lu\/2021\/11\/legumes-anciens-et-oublies\/\">L\u00e9gumes anciens et oubli\u00e9s<\/a><div class=\"wp-block-latest-posts__post-excerpt\">Savez-vous qu\u2019il existe des vari\u00e9t\u00e9s de tomates toutes s\u00e8ches et creuses, cultiv\u00e9es sp\u00e9cialement pour \u00eatre fourr\u00e9es\u00a0? Que les anciennes pommes blanches sont les premi\u00e8res pommes \u00e0 m\u00fbrir, apr\u00e8s que les pommes conserv\u00e9es pour l\u2019hiver ont&hellip;&nbsp;<a href=\"https:\/\/news.vunderatert.lu\/2021\/11\/legumes-anciens-et-oublies\/\" class=\"\" rel=\"bookmark\">Weiterlesen &raquo;<span class=\"screen-reader-text\">L\u00e9gumes anciens et oubli\u00e9s<\/span><\/a><\/div><\/li>\n<li><div class=\"wp-block-latest-posts__featured-image alignright\"><img width=\"150\" height=\"150\" src=\"https:\/\/news.vunderatert.lu\/wp-content\/uploads\/2021\/10\/1pawjicd60c-e1635471411318-150x150.jpg\" class=\"attachment-thumbnail size-thumbnail wp-post-image\" alt=\"person in white shoes standing on gray concrete road\" decoding=\"async\" loading=\"lazy\" style=\"\" \/><\/div><a class=\"wp-block-latest-posts__post-title\" href=\"https:\/\/news.vunderatert.lu\/2021\/10\/on-recrute\/\">Wir suchen neue Kollegen!<\/a><div class=\"wp-block-latest-posts__post-excerpt\">Das Gartenteam von Gaart-\u00e0-Vous l\u00e4dt Sie ein, sich uns in der Saison 2022 f\u00fcr einige Stunden oder Tage pro Woche anzuschlie\u00dfen. Interessieren Sie sich f\u00fcr den Anbau und den Verzehr von saisonalem Gem\u00fcse, f\u00fcr das&hellip;&nbsp;<a href=\"https:\/\/news.vunderatert.lu\/2021\/10\/on-recrute\/\" class=\"\" rel=\"bookmark\">Weiterlesen &raquo;<span class=\"screen-reader-text\">Wir suchen neue Kollegen!<\/span><\/a><\/div><\/li>\n<li><div class=\"wp-block-latest-posts__featured-image alignright\"><img width=\"150\" height=\"150\" src=\"https:\/\/news.vunderatert.lu\/wp-content\/uploads\/2021\/10\/IMG_20210907_104824_9-150x150.jpg\" class=\"attachment-thumbnail size-thumbnail wp-post-image\" alt=\"\" decoding=\"async\" loading=\"lazy\" style=\"\" \/><\/div><a class=\"wp-block-latest-posts__post-title\" href=\"https:\/\/news.vunderatert.lu\/2021\/10\/la-creche-au-jardin\/\">la cr\u00e8che au jardin<\/a><div class=\"wp-block-latest-posts__post-excerpt\">Les jeunes enfants de la cr\u00e8che Draachemailchen mangent depuis 3 ans environ les l\u00e9gumes de notre jardin. Ils viennent d\u00e9sormais r\u00e9guli\u00e8rement les r\u00e9colter eux-m\u00eames. Avec les conseils avis\u00e9s de leurs encadrants et notre \u00e9quipe, le&hellip;&nbsp;<a href=\"https:\/\/news.vunderatert.lu\/2021\/10\/la-creche-au-jardin\/\" class=\"\" rel=\"bookmark\">Weiterlesen &raquo;<span class=\"screen-reader-text\">la cr\u00e8che au jardin<\/span><\/a><\/div><\/li>\n<li><div class=\"wp-block-latest-posts__featured-image alignright\"><img width=\"150\" height=\"150\" src=\"https:\/\/news.vunderatert.lu\/wp-content\/uploads\/2021\/10\/IMG_20210623_160053_7-150x150.jpg\" class=\"attachment-thumbnail size-thumbnail wp-post-image\" alt=\"\" decoding=\"async\" loading=\"lazy\" style=\"\" \/><\/div><a class=\"wp-block-latest-posts__post-title\" href=\"https:\/\/news.vunderatert.lu\/2021\/09\/des-poules-pour-fermer-les-cycles\/\">des poules pour fermer les cycles<\/a><div class=\"wp-block-latest-posts__post-excerpt\">Depuis longtemps nous parlions d&#8217;installer des poules au jardin pour transformer nos restes de cultures (tiges, l\u00e9gumes trop abim\u00e9s,&#8230;) en d\u00e9licieux \u0153ufs. Nous pouvions par la m\u00eame occasion profiter de petits becs qui mangent des&hellip;&nbsp;<a href=\"https:\/\/news.vunderatert.lu\/2021\/09\/des-poules-pour-fermer-les-cycles\/\" class=\"\" rel=\"bookmark\">Weiterlesen &raquo;<span class=\"screen-reader-text\">des poules pour fermer les cycles<\/span><\/a><\/div><\/li>\n<li><div class=\"wp-block-latest-posts__featured-image alignright\"><img width=\"150\" height=\"150\" src=\"https:\/\/news.vunderatert.lu\/wp-content\/uploads\/2021\/05\/IMG_20210430_144702_1-150x150.jpg\" class=\"attachment-thumbnail size-thumbnail wp-post-image\" alt=\"c&#039;est r\u00e9colte\" decoding=\"async\" loading=\"lazy\" style=\"\" \/><\/div><a class=\"wp-block-latest-posts__post-title\" href=\"https:\/\/news.vunderatert.lu\/2021\/09\/le-vendredi-cest-recolte\/\">Freitag ist Erntetag<\/a><div class=\"wp-block-latest-posts__post-excerpt\">Im &#8222;Gaart- \u00e0-Vous&#8220;&#8230; &#8230; gibt es immer viel zu tun, von Beeten vorbereiten, Unkraut j\u00e4ten \u00fcber S\u00e4en, Pflanzen bis zum Ernten. Eine helfende Hand ist jederzeit willkommen. Meistens gehe ich Freitag morgens dorthin.Ich habe mich&hellip;&nbsp;<a href=\"https:\/\/news.vunderatert.lu\/2021\/09\/le-vendredi-cest-recolte\/\" class=\"\" rel=\"bookmark\">Weiterlesen &raquo;<span class=\"screen-reader-text\">Freitag ist Erntetag<\/span><\/a><\/div><\/li>\n<\/ul><\/div>\r\n<\/div>\r\n<\/div>\r\n","protected":false},"excerpt":{"rendered":"<p>\u00a0 Lust auf biologisches, regionales, saisonales und fair gehandeltes Gem\u00fcse? Informationen Mitmachen Sprechen Sie mit Ihren Nachbarn, Freunden und in sozialen Netzwerken \u00fcber uns. Share on Facebook tweet L\u00e9gumes anciens et oubli\u00e9sSavez-vous qu\u2019il existe des vari\u00e9t\u00e9s de tomates toutes s\u00e8ches et creuses, cultiv\u00e9es sp\u00e9cialement pour \u00eatre fourr\u00e9es\u00a0? Que les anciennes pommes blanches sont les premi\u00e8res&hellip;&nbsp;<a href=\"https:\/\/news.vunderatert.lu\/\" class=\"\" rel=\"bookmark\">Weiterlesen &raquo;<span class=\"screen-reader-text\">Accueil<\/span><\/a><\/p>\n","protected":false},"author":17,"featured_media":0,"parent":0,"menu_order":0,"comment_status":"closed","ping_status":"closed","template":"page-templates\/template-pagebuilder-full-width.php","meta":{"neve_meta_sidebar":"full-width","neve_meta_container":"default","neve_meta_enable_content_width":"on","neve_meta_content_width":100,"neve_meta_title_alignment":"","neve_meta_author_avatar":"","neve_post_elements_order":"","neve_meta_disable_header":"","neve_meta_disable_footer":"","neve_meta_disable_title":"","_themeisle_gutenberg_block_has_review":false},"_links":{"self":[{"href":"https:\/\/news.vunderatert.lu\/wp-json\/wp\/v2\/pages\/492"}],"collection":[{"href":"https:\/\/news.vunderatert.lu\/wp-json\/wp\/v2\/pages"}],"about":[{"href":"https:\/\/news.vunderatert.lu\/wp-json\/wp\/v2\/types\/page"}],"author":[{"embeddable":true,"href":"https:\/\/news.vunderatert.lu\/wp-json\/wp\/v2\/users\/17"}],"replies":[{"embeddable":true,"href":"https:\/\/news.vunderatert.lu\/wp-json\/wp\/v2\/comments?post=492"}],"version-history":[{"count":8,"href":"https:\/\/news.vunderatert.lu\/wp-json\/wp\/v2\/pages\/492\/revisions"}],"predecessor-version":[{"id":1266,"href":"https:\/\/news.vunderatert.lu\/wp-json\/wp\/v2\/pages\/492\/revisions\/1266"}],"wp:attachment":[{"href":"https:\/\/news.vunderatert.lu\/wp-json\/wp\/v2\/media?parent=492"}],"curies":[{"name":"wp","href":"https:\/\/api.w.org\/{rel}","templated":true}]}}