{"id":881,"date":"2020-11-25T16:22:52","date_gmt":"2020-11-25T15:22:52","guid":{"rendered":"https:\/\/news.vunderatert.lu\/?page_id=881"},"modified":"2020-11-25T16:22:53","modified_gmt":"2020-11-25T15:22:53","slug":"cgv","status":"publish","type":"page","link":"https:\/\/news.vunderatert.lu\/cgv\/","title":{"rendered":"Allgemeine Verkaufs- und Nutzungsbedingungen"},"content":{"rendered":"<p>Jede \u00fcber unsere Website vunderatert.lu abgeschlossene Transaktion setzt die vorbehaltlose Zustimmung des K\u00e4ufers zu diesen allgemeinen Verkaufsbedingungen sowie zu den <a href=\"https:\/\/news.vunderatert.lu\/politique-de-confidentialite\/\">Bedingungen zum Schutz Ihrer Privatsph\u00e4re<\/a> voraus.<\/p>\n<h3>Zahlung<\/h3>\n<p>Unsere Rechnungen sind zahlbar netto und ohne Skonto bei Erhalt unter Angabe der Rechnungsnummer bei Kommunikation per Bank\u00fcberweisung, per Hand in bar oder BEKI oder \u00fcber ein digitales Zahlungsmittel. Transaktionskosten im Zusammenhang mit der Verwendung einer Online-Zahlungsmethode werden der Rechnung hinzugef\u00fcgt. Jegliche Streitigkeiten bez\u00fcglich der Rechnung werden erst nach einer Frist von 8 Tagen ab Ausstellungsdatum akzeptiert.<\/p>\n<p>Bei Nichtzahlung 30 Tage nach Rechnungsdatum wird der Rechnungsbetrag automatisch und ohne Vorank\u00fcndigung um einen Zins von 1,5% pro Monat ab Rechnungsdatum erh\u00f6ht. Dar\u00fcber hinaus muss der Kunde eine Verwaltungsentsch\u00e4digung in H\u00f6he von 10 % des Rechnungsbetrags, mindestens jedoch 50 EUR zahlen.<\/p>\n<h3>Lieferung \/ Abholung<\/h3>\n<p>Der Kunde wird per E-Mail benachrichtigt, sobald seine Bestellung fertig ist. Sofern nicht ausdr\u00fccklich anders angegeben, sind die verkauften Waren vom Kunden zum vereinbarten Zeitpunkt oder so bald wie m\u00f6glich bei der Genossenschaft abzuholen. Alle Lieferungen erfolgen auf Risiko des Empf\u00e4ngers.<\/p>\n<p>Die bei der Registrierung der Bestellung angegebene Lieferzeit dient als Hinweis und wird in keiner Weise garantiert. Die Genossenschaft lehnt jede Verantwortung f\u00fcr Sch\u00e4den an den Waren ab, die auf eine versp\u00e4tete Abholung durch den Kunden zur\u00fcckzuf\u00fchren sind.<\/p>\n<h3>Streitigkeiten<\/h3>\n<p>Im Streitfall sind nur die luxemburgischen Gerichte zust\u00e4ndig.<\/p>\n","protected":false},"excerpt":{"rendered":"<p>Jede \u00fcber unsere Website vunderatert.lu abgeschlossene Transaktion setzt die vorbehaltlose Zustimmung des K\u00e4ufers zu diesen allgemeinen Verkaufsbedingungen sowie zu den Bedingungen zum Schutz Ihrer Privatsph\u00e4re voraus. Zahlung Unsere Rechnungen sind zahlbar netto und ohne Skonto bei Erhalt unter Angabe der Rechnungsnummer bei Kommunikation per Bank\u00fcberweisung, per Hand in bar oder BEKI oder \u00fcber ein digitales&hellip;&nbsp;<a href=\"https:\/\/news.vunderatert.lu\/cgv\/\" class=\"\" rel=\"bookmark\">Weiterlesen &raquo;<span class=\"screen-reader-text\">Allgemeine Verkaufs- und Nutzungsbedingungen<\/span><\/a><\/p>\n","protected":false},"author":1,"featured_media":882,"parent":0,"menu_order":0,"comment_status":"closed","ping_status":"closed","template":"","meta":{"neve_meta_sidebar":"full-width","neve_meta_container":"","neve_meta_enable_content_width":"on","neve_meta_content_width":100,"neve_meta_title_alignment":"","neve_meta_author_avatar":"","neve_post_elements_order":"","neve_meta_disable_header":"","neve_meta_disable_footer":"","neve_meta_disable_title":"","_themeisle_gutenberg_block_has_review":false},"_links":{"self":[{"href":"https:\/\/news.vunderatert.lu\/wp-json\/wp\/v2\/pages\/881"}],"collection":[{"href":"https:\/\/news.vunderatert.lu\/wp-json\/wp\/v2\/pages"}],"about":[{"href":"https:\/\/news.vunderatert.lu\/wp-json\/wp\/v2\/types\/page"}],"author":[{"embeddable":true,"href":"https:\/\/news.vunderatert.lu\/wp-json\/wp\/v2\/users\/1"}],"replies":[{"embeddable":true,"href":"https:\/\/news.vunderatert.lu\/wp-json\/wp\/v2\/comments?post=881"}],"version-history":[{"count":0,"href":"https:\/\/news.vunderatert.lu\/wp-json\/wp\/v2\/pages\/881\/revisions"}],"wp:featuredmedia":[{"embeddable":true,"href":"https:\/\/news.vunderatert.lu\/wp-json\/wp\/v2\/media\/882"}],"wp:attachment":[{"href":"https:\/\/news.vunderatert.lu\/wp-json\/wp\/v2\/media?parent=881"}],"curies":[{"name":"wp","href":"https:\/\/api.w.org\/{rel}","templated":true}]}}