{"id":472,"date":"2020-04-04T16:35:28","date_gmt":"2020-04-04T14:35:28","guid":{"rendered":"https:\/\/news.vunderatert.lu\/?page_id=472"},"modified":"2021-04-21T01:43:16","modified_gmt":"2021-04-20T23:43:16","slug":"fleesch","status":"publish","type":"page","link":"https:\/\/news.vunderatert.lu\/about-us\/fleesch\/","title":{"rendered":"Fleesch vun der Atert"},"content":{"rendered":"\n<p>Commandez en ligne vos colis de viande locale (bio et conventionnelle, au choix). La distribution a lieur 5x par an \u00e0 Redange\/Attert. Toutes les b\u00eates sont n\u00e9es et \u00e9lev\u00e9es dans le canton de Redange selon des crit\u00e8res tr\u00e8s stricts.<\/p>\n\n\n\n<p>Fleesch Vun der Atert est un partenariat solidaire entre <a href=\"http:\/\/producteurs\">producteurs<\/a> et consommateurs dont la <a href=\"#charte\">charte<\/a> a \u00e9t\u00e9 d\u00e9velopp\u00e9e ensemble.<\/p>\n\n\n\n<div class=\"is-layout-flex wp-block-buttons\">\n<div class=\"wp-block-button\"><a class=\"wp-block-button__link\" href=\"#formulaire\">commande en ligne (de pr\u00e9f\u00e9rence)<\/a><\/div>\n\n\n\n<div class=\"wp-block-button\"><a class=\"wp-block-button__link\" href=\"https:\/\/s.vunderatert.lu\/fleesch-commande-pdf\" target=\"_blank\" rel=\"noreferrer noopener\">commande papier (pdf)<\/a><\/div>\n<\/div>\n\n\n\n<h3>Informations compl\u00e9mentaires:<\/h3>\n\n\n\n<ul><li><a rel=\"noreferrer noopener\" href=\"https:\/\/s.vunderatert.lu\/brochure\" target=\"_blank\">Brochure d\u00e9taill\u00e9e<\/a> (PDF 6Mo)<\/li><li><a rel=\"noreferrer noopener\" href=\"https:\/\/s.vunderatert.lu\/allergenes\" target=\"_blank\">Allerg\u00e8nes<\/a><\/li><li><a href=\"#charte\">Charte solidaire<\/a><\/li><li><a rel=\"noreferrer noopener\" href=\"https:\/\/s.vunderatert.lu\/fleeschVdA-repartition-prix\" target=\"_blank\">Pr\u00e4isopstellung<\/a> pour la saison 2020<\/li><li><a href=\"#formulaire\" target=\"_blank\" rel=\"noreferrer noopener\">formulaire de commande<\/a><\/li><\/ul>\n\n\n\n<h3 id=\"producteurs\">Nos producteurs<\/h3>\n\n\n\n<div id=\"wp-block-themeisle-blocks-slider-94185892\" class=\"wp-block-themeisle-blocks-slider glide\" data-per-view=\"2\" data-gap=\"5\" data-peek=\"1\" data-autoplay=\"true\" data-height=\"400px\" data-hide-arrows=\"false\"><div class=\"glide__track\" data-glide-el=\"track\"><div class=\"glide__slides\"><div class=\"wp-block-themeisle-blocks-slider-item-wrapper glide__slide\" tabindex=\"0\"><figure><img decoding=\"async\" class=\"wp-block-themeisle-blocks-slider-item\" src=\"https:\/\/news.vunderatert.lu\/wp-content\/uploads\/2020\/05\/A3-Bauer4.png\" alt=\"Goedert\" title=\"Goedert\" data-id=\"479\"\/><\/figure><\/div><div class=\"wp-block-themeisle-blocks-slider-item-wrapper glide__slide\" tabindex=\"0\"><figure><img decoding=\"async\" class=\"wp-block-themeisle-blocks-slider-item\" src=\"https:\/\/news.vunderatert.lu\/wp-content\/uploads\/2020\/05\/A3-Bauer3.png\" alt=\"Linden\" title=\"Linden\" data-id=\"478\"\/><\/figure><\/div><div class=\"wp-block-themeisle-blocks-slider-item-wrapper glide__slide\" tabindex=\"0\"><figure><img decoding=\"async\" class=\"wp-block-themeisle-blocks-slider-item\" src=\"https:\/\/news.vunderatert.lu\/wp-content\/uploads\/2020\/05\/A3-Bauer2.png\" alt=\"Fran\u00e7ois\" title=\"Fran\u00e7ois\" data-id=\"477\"\/><\/figure><\/div><div class=\"wp-block-themeisle-blocks-slider-item-wrapper glide__slide\" tabindex=\"0\"><figure><img decoding=\"async\" class=\"wp-block-themeisle-blocks-slider-item\" src=\"https:\/\/news.vunderatert.lu\/wp-content\/uploads\/2020\/05\/A3-Bauer.png\" alt=\"Loutsch\" title=\"Loutsch\" data-id=\"476\"\/><\/figure><\/div><div class=\"wp-block-themeisle-blocks-slider-item-wrapper glide__slide\" tabindex=\"0\"><figure><img decoding=\"async\" class=\"wp-block-themeisle-blocks-slider-item\" src=\"https:\/\/news.vunderatert.lu\/wp-content\/uploads\/2020\/05\/A3-Bauer5.png\" alt=\"Georges Weiss\" title=\"Georges Weiss\" data-id=\"480\"\/><\/figure><\/div><\/div><div class=\"glide__bullets\" data-glide-el=\"controls[nav]\"><button class=\"glide__bullet\" data-glide-dir=\"=0\"><\/button><button class=\"glide__bullet\" data-glide-dir=\"=1\"><\/button><button class=\"glide__bullet\" data-glide-dir=\"=2\"><\/button><button class=\"glide__bullet\" data-glide-dir=\"=3\"><\/button><button class=\"glide__bullet\" data-glide-dir=\"=4\"><\/button><\/div><\/div><\/div>\n\n\n\n<h3 id=\"charte\">Notre charte solidaire<\/h3>\n\n\n\n<figure class=\"wp-block-image size-large\"><a href=\"https:\/\/news.vunderatert.lu\/wp-content\/uploads\/2021\/04\/charte-solawa.png\"><img decoding=\"async\" loading=\"lazy\" width=\"1024\" height=\"576\" src=\"https:\/\/news.vunderatert.lu\/wp-content\/uploads\/2021\/04\/charte-solawa-1024x576.png\" alt=\"\" class=\"wp-image-1051\" srcset=\"https:\/\/news.vunderatert.lu\/wp-content\/uploads\/2021\/04\/charte-solawa-1024x576.png 1024w, https:\/\/news.vunderatert.lu\/wp-content\/uploads\/2021\/04\/charte-solawa-300x169.png 300w, https:\/\/news.vunderatert.lu\/wp-content\/uploads\/2021\/04\/charte-solawa-768x432.png 768w, https:\/\/news.vunderatert.lu\/wp-content\/uploads\/2021\/04\/charte-solawa-1536x864.png 1536w, https:\/\/news.vunderatert.lu\/wp-content\/uploads\/2021\/04\/charte-solawa-2048x1152.png 2048w, https:\/\/news.vunderatert.lu\/wp-content\/uploads\/2021\/04\/charte-solawa-1320x743.png 1320w\" sizes=\"(max-width: 1024px) 100vw, 1024px\" \/><\/a><figcaption>La Charte SoLAWa  Atert-Wark, co-r\u00e9dig\u00e9e par la coop\u00e9rative Vun der Atert et nos producteurs partenaires.<\/figcaption><\/figure>\n\n\n\n<h3 id=\"formulaire\">Commande<\/h3>\n\n\n\n<p>R\u00e9servez vos colis de viande sans attendre ! En cas de soucis technique vous pouvez aussi t\u00e9l\u00e9charger, compl\u00e9ter manuellement, et nous renvoyer un <a href=\"https:\/\/s.vunderatert.lu\/fleesch-commande-pdf\" target=\"_blank\" rel=\"noreferrer noopener\">formulaire papier<\/a>.<\/p>\n\n\n\n<iframe loading=\"lazy\" src=\"https:\/\/energiepark.lu\/vda?wmode=opaque\" width=\"100%\" data-embed=\"true\" height=\"2000px\"><\/iframe>\n","protected":false},"excerpt":{"rendered":"<p>Commandez en ligne vos colis de viande locale (bio et conventionnelle, au choix). La distribution a lieur 5x par an \u00e0 Redange\/Attert. Toutes les b\u00eates sont n\u00e9es et \u00e9lev\u00e9es dans le canton de Redange selon des crit\u00e8res tr\u00e8s stricts. Fleesch Vun der Atert est un partenariat solidaire entre producteurs et consommateurs dont la charte a&hellip;&nbsp;<a href=\"https:\/\/news.vunderatert.lu\/about-us\/fleesch\/\" class=\"\" rel=\"bookmark\">Read More &raquo;<span class=\"screen-reader-text\">Fleesch vun der Atert<\/span><\/a><\/p>\n","protected":false},"author":1,"featured_media":0,"parent":265,"menu_order":0,"comment_status":"closed","ping_status":"closed","template":"","meta":{"neve_meta_sidebar":"full-width","neve_meta_container":"","neve_meta_enable_content_width":"on","neve_meta_content_width":100,"neve_meta_title_alignment":"","neve_meta_author_avatar":"","neve_post_elements_order":"","neve_meta_disable_header":"","neve_meta_disable_footer":"","neve_meta_disable_title":"","_themeisle_gutenberg_block_has_review":false},"_links":{"self":[{"href":"https:\/\/news.vunderatert.lu\/wp-json\/wp\/v2\/pages\/472"}],"collection":[{"href":"https:\/\/news.vunderatert.lu\/wp-json\/wp\/v2\/pages"}],"about":[{"href":"https:\/\/news.vunderatert.lu\/wp-json\/wp\/v2\/types\/page"}],"author":[{"embeddable":true,"href":"https:\/\/news.vunderatert.lu\/wp-json\/wp\/v2\/users\/1"}],"replies":[{"embeddable":true,"href":"https:\/\/news.vunderatert.lu\/wp-json\/wp\/v2\/comments?post=472"}],"version-history":[{"count":0,"href":"https:\/\/news.vunderatert.lu\/wp-json\/wp\/v2\/pages\/472\/revisions"}],"up":[{"embeddable":true,"href":"https:\/\/news.vunderatert.lu\/wp-json\/wp\/v2\/pages\/265"}],"wp:attachment":[{"href":"https:\/\/news.vunderatert.lu\/wp-json\/wp\/v2\/media?parent=472"}],"curies":[{"name":"wp","href":"https:\/\/api.w.org\/{rel}","templated":true}]}}