{"id":466,"date":"2020-03-04T16:14:40","date_gmt":"2020-03-04T15:14:40","guid":{"rendered":"https:\/\/news.vunderatert.lu\/?page_id=466"},"modified":"2021-10-29T06:07:38","modified_gmt":"2021-10-29T04:07:38","slug":"zaitgemeis","status":"publish","type":"page","link":"https:\/\/news.vunderatert.lu\/about-us\/zaitgemeis\/","title":{"rendered":"Z\u00e4itGem\u00e9is"},"content":{"rendered":"\n<div class=\"is-layout-flex wp-container-3 wp-block-columns\">\n<div class=\"is-layout-flow wp-block-column\">\n<p>Bestellt elo mam Onlineformulaire \u00e4rt Lokaalgem\u00e9is fir d\u2019Saison 2022. An dem Rythmus w\u00e9i et Iech passt, d\u00ebnschdes, t\u00ebschent Mee an Dezember, zu Biekerech.<\/p>\n\n\n\n<p>Mir k\u00ebmmeren eis \u00ebm den Ubau, ouni Pestiziden, OMG, op Basis vun der solidarescher Landwirtschaft.<\/p>\n<\/div>\n\n\n\n<div class=\"is-layout-flow wp-block-column\">\n<p>Commandez en ligne vos l\u00e9gumes pour la saison 2022. Ils seront disponibles \u00e0 Beckerich \u00e0 la fr\u00e9quence qui vous convient, le mardi, de mai \u00e0 d\u00e9cembre.<\/p>\n\n\n\n<p>Nous les produisons pour vous localement, bio et dans un partenariat solidaire entre les producteurs et vous, consommateur conscient.<\/p>\n<\/div>\n<\/div>\n\n\n\n<div class=\"is-layout-flex wp-block-buttons is-content-justification-center\">\n<div class=\"wp-block-button scroll\"><a class=\"wp-block-button__link\" href=\"#formulaire\">s&#8217;ABONNER \u00e0 un panier de saison<\/a><\/div>\n\n\n\n<div class=\"wp-block-button scroll\"><a class=\"wp-block-button__link\" href=\"#infos\">Plus d&#8217;Informations<\/a><\/div>\n<\/div>\n\n\n\n<div class=\"wp-block-media-text alignwide has-media-on-the-right is-stacked-on-mobile is-vertically-aligned-top\" style=\"grid-template-columns:auto 28%\"><figure class=\"wp-block-media-text__media\"><img decoding=\"async\" loading=\"lazy\" width=\"1024\" height=\"768\" src=\"https:\/\/news.vunderatert.lu\/wp-content\/uploads\/2020\/11\/panier-moyen-1024x768.jpg\" alt=\"\" class=\"wp-image-842 size-full\" srcset=\"https:\/\/news.vunderatert.lu\/wp-content\/uploads\/2020\/11\/panier-moyen-1024x768.jpg 1024w, https:\/\/news.vunderatert.lu\/wp-content\/uploads\/2020\/11\/panier-moyen-600x450.jpg 600w, https:\/\/news.vunderatert.lu\/wp-content\/uploads\/2020\/11\/panier-moyen-300x225.jpg 300w, https:\/\/news.vunderatert.lu\/wp-content\/uploads\/2020\/11\/panier-moyen-768x576.jpg 768w, https:\/\/news.vunderatert.lu\/wp-content\/uploads\/2020\/11\/panier-moyen-1536x1152.jpg 1536w, https:\/\/news.vunderatert.lu\/wp-content\/uploads\/2020\/11\/panier-moyen-1320x990.jpg 1320w, https:\/\/news.vunderatert.lu\/wp-content\/uploads\/2020\/11\/panier-moyen.jpg 1600w\" sizes=\"(max-width: 1024px) 100vw, 1024px\" \/><\/figure><div class=\"wp-block-media-text__content\">\n<p class=\"has-text-align-center\">Vous recevez <strong>un panier de l\u00e9gumes vari\u00e9s<\/strong> parmi un large choix de l\u00e9gumes de saison (voyez notre <a href=\"#calendrier\">calendrier de production<\/a>).<\/p>\n\n\n\n<p class=\"has-text-align-center\">Vous pouvez<strong> choisir la fr\u00e9quence<\/strong> \u00e0 laquelle vous emportez vos l\u00e9gumes&nbsp;: chaque mardi ou un mardi sur 2.<\/p>\n\n\n\n<p class=\"has-text-align-center\">Vous pouvez choisir <strong>la taille de votre panier<\/strong>, petit (~2 adultes) ou grand (~2 adultes + 3 enfants).<\/p>\n\n\n\n<p>Sur le principe de l&#8250;<a href=\"https:\/\/www.solawi.lu\/fr\/lagriculture-solidaire-cest-quoi\/\"><strong>agriculture solidaire<\/strong><\/a>, les volumes r\u00e9colt\u00e9s d\u00e9pendent de la saison et de la nature (ensoleillement, ravageurs). Nous pr\u00e9voyons 10 \u00e0 20% de production suppl\u00e9mentaire, que vous recevez gratuitement quand tout va bien. Si tout va mal les quantit\u00e9s disponibles peuvent diminuer pendant quelques semaines.<\/p>\n\n\n\n<p>Notre <strong>assortiment<\/strong> vous permettra de recevoir des l\u00e9gumes connus (salades, poireaux, carottes, choux, tomates, aromates, concombres&#8230;), tout en d\u00e9couvrant des produits plus originaux ou surprenant (melon luxembourgeois, t\u00e9tragone cornue, radis rose, fleurs comestibles,&#8230;)<\/p>\n\n\n\n<p><a href=\"#infos\">Plus d&#8217;explications ci-dessous<\/a>.<\/p>\n<\/div><\/div>\n\n\n\n<h2 id=\"infos\">Questions fr\u00e9quentes<\/h2>\n\n\n\n<h4>Combien c\u00f4ute un panier ?<\/h4>\n\n\n\n<p>Les <strong>paniers de l\u00e9gumes vari\u00e9s<\/strong> bio de saison (grands ou petits) peuvent \u00eatre emport\u00e9s chaque semaine ou une semaine sur 2, \u00e0 votre meilleure convenance. Le prix de base permet de couvrir les co\u00fbts des intrants et de r\u00e9mun\u00e9rer les membres de l&#8217;\u00e9quipe au salaire minimum.<\/p>\n\n\n\n<p>Nous proposons aux personnes qui souhaitent soutenir notre projet de mani\u00e8re plus engag\u00e9e de valoriser notre travail par un <strong>compl\u00e9ment solidaire<\/strong> du montant de votre choix, entre 100 et 500\u20ac. <\/p>\n\n\n\n<p>Nous proposons aux personnes moins ais\u00e9es de nous aider \u00e0 la r\u00e9colte, le mercredi matin, contre un panier gratuit.<\/p>\n\n\n\n<figure class=\"wp-block-table\"><table><tbody><tr><td>panier  \\  fr\u00e9quence<\/td><td class=\"has-text-align-center\" data-align=\"center\">chaque semaine<\/td><td class=\"has-text-align-center\" data-align=\"center\">une semaine sur 2<\/td><\/tr><tr><td>grand panier<\/td><td class=\"has-text-align-center\" data-align=\"center\">990\u20ac<\/td><td class=\"has-text-align-center\" data-align=\"center\">500\u20ac<\/td><\/tr><tr><td>petit panier<\/td><td class=\"has-text-align-center\" data-align=\"center\">600\u20ac<\/td><td class=\"has-text-align-center\" data-align=\"center\">300\u20ac<\/td><\/tr><\/tbody><\/table><figcaption>Prix pour une saison de paniers vari\u00e9s<\/figcaption><\/figure>\n\n\n\n<div class=\"is-layout-flex wp-block-buttons is-content-justification-center\">\n<div class=\"wp-block-button scroll\"><a class=\"wp-block-button__link\" href=\"#formulaire\">s&#8217;ABONNER \u00e0 un panier de saison<\/a><\/div>\n<\/div>\n\n\n\n<h4>Est-ce que vous proposez une livraison ?<\/h4>\n\n\n\n<div class=\"wp-block-image\"><figure class=\"alignright size-large is-resized\"><a href=\"https:\/\/news.vunderatert.lu\/2020\/05\/co-voiturage-pour-vos-legumes\/\"><img decoding=\"async\" loading=\"lazy\" src=\"https:\/\/news.vunderatert.lu\/wp-content\/uploads\/2020\/05\/vege-pooling-e1590063728637.png\" alt=\"VegePool\" class=\"wp-image-557\" width=\"394\" height=\"177\" srcset=\"https:\/\/news.vunderatert.lu\/wp-content\/uploads\/2020\/05\/vege-pooling-e1590063728637.png 561w, https:\/\/news.vunderatert.lu\/wp-content\/uploads\/2020\/05\/vege-pooling-e1590063728637-300x135.png 300w\" sizes=\"(max-width: 394px) 100vw, 394px\" \/><\/a><figcaption>VegePool: co-voiturage pour vos l\u00e9gumes<\/figcaption><\/figure><\/div>\n\n\n\n<p>Nous proposons d&#8217;abord aux clients int\u00e9ress\u00e9s d&#8217;organiser du covoiturage de l\u00e9gumes, le &#171;<a href=\"https:\/\/news.vunderatert.lu\/2020\/05\/co-voiturage-pour-vos-legumes\/\" data-type=\"post\" data-id=\"545\">VegePool<\/a>&#171;. Si vous \u00eates 4, vous pourrez alors recevoir 3 fois votre panier et aller chercher celui de vos voisins 1 fois par mois en m\u00eame temps que le v\u00f4tre.<\/p>\n\n\n\n<p>Si c&#8217;est trop difficile pour vous nous cherchons actuellement un service de livraison, qui oscille pour l&#8217;instant entre 8 et 10\u20ac <em>par panier<\/em>.<\/p>\n\n\n\n<h4 id=\"calendrier\">Quels sont les l\u00e9gumes disponibles ?<\/h4>\n\n\n\n<div class=\"is-layout-flex wp-container-8 wp-block-columns\">\n<div class=\"is-layout-flow wp-block-column\" style=\"flex-basis:66.66%\">\n<p>Nous essayons de produire un large \u00e9ventail de les l\u00e9gumes locaux de saison, selon le calendrier ci-contre (ou <a href=\"http:\/\/static.vunderatert.lu\/calendrier.pdf\">pdf \u00e0 t\u00e9l\u00e9charger<\/a>).<\/p>\n\n\n\n<p>D&#8217;autres produits plus rares ou originaux sont aussi disponibles dans nos assortiments de mani\u00e8re ponctuelle (melon, fleurs comestibles, panais,..). Des fruits pourraient \u00eatre propos\u00e9s en saison, nous devons encore en assurer la r\u00e9colte, <a href=\"https:\/\/news.vunderatert.lu\/contact\/\" data-type=\"page\" data-id=\"267\">contactez-nous<\/a> si cette activit\u00e9 pourrait vous int\u00e9resser, m\u00eame ponctuellement.<\/p>\n\n\n\n<p>Vous avez la possibilit\u00e9 d&#8217;\u00e9changer un l\u00e9gume moins appr\u00e9ci\u00e9 contre un autre selon les stocks disponibles.<\/p>\n<\/div>\n\n\n\n<div class=\"is-layout-flow wp-block-column\" style=\"flex-basis:33.33%\">\n<figure class=\"wp-block-image size-large\"><img decoding=\"async\" src=\"http:\/\/static.vunderatert.lu\/calendrier.png\" alt=\"\"\/><\/figure>\n<\/div>\n<\/div>\n\n\n\n<h4>Est-ce BIO ?<\/h4>\n\n\n\n<div class=\"wp-block-image\"><figure class=\"alignleft size-large is-resized\"><img decoding=\"async\" loading=\"lazy\" src=\"http:\/\/static.vunderatert.lu\/logos\/organic_logo.jpg\" alt=\"\" width=\"184\" height=\"123\"\/><\/figure><\/div>\n\n\n\n<p>Oui, nous sommes <strong>officiellement certifi\u00e9s BIO depuis f\u00e9vrier 2021<\/strong>, m\u00eame si nos produits sont d\u00e9j\u00e0 <strong>produits naturellement depuis 6 ans<\/strong>. <\/p>\n\n\n\n<p>Notre <a href=\"http:\/\/static.vunderatert.lu\/certificat%20BIO%20GaV.pdf\">certificat bio<\/a> est \u00e9videmment disponible en ligne (<a href=\"http:\/\/static.vunderatert.lu\/certificat%20BIO%20GaV.pdf\">pdf<\/a>).<\/p>\n\n\n\n<h4>Quelle est la taille d&#8217;une portion ?<\/h4>\n\n\n\n<div class=\"wp-block-image\"><figure class=\"alignright size-large is-resized\"><img decoding=\"async\" loading=\"lazy\" src=\"https:\/\/news.vunderatert.lu\/wp-content\/uploads\/2020\/11\/xygfxcvbjca-683x1024.jpg\" alt=\"white and brown weighing scale at 0\" class=\"wp-image-800\" width=\"244\" height=\"366\" srcset=\"https:\/\/news.vunderatert.lu\/wp-content\/uploads\/2020\/11\/xygfxcvbjca-683x1024.jpg 683w, https:\/\/news.vunderatert.lu\/wp-content\/uploads\/2020\/11\/xygfxcvbjca-scaled-600x900.jpg 600w, https:\/\/news.vunderatert.lu\/wp-content\/uploads\/2020\/11\/xygfxcvbjca-200x300.jpg 200w, https:\/\/news.vunderatert.lu\/wp-content\/uploads\/2020\/11\/xygfxcvbjca-768x1152.jpg 768w, https:\/\/news.vunderatert.lu\/wp-content\/uploads\/2020\/11\/xygfxcvbjca-1024x1536.jpg 1024w, https:\/\/news.vunderatert.lu\/wp-content\/uploads\/2020\/11\/xygfxcvbjca-1365x2048.jpg 1365w, https:\/\/news.vunderatert.lu\/wp-content\/uploads\/2020\/11\/xygfxcvbjca-1320x1980.jpg 1320w, https:\/\/news.vunderatert.lu\/wp-content\/uploads\/2020\/11\/xygfxcvbjca-scaled.jpg 1707w\" sizes=\"(max-width: 244px) 100vw, 244px\" \/><\/figure><\/div>\n\n\n\n<p>G\u00e9n\u00e9ralement celle que vous trouvez au march\u00e9: 1 chou, une botte de 3 grands poireaux ou 6 petits, 1 salade,&#8230;<\/p>\n\n\n\n<p>La quantit\u00e9 qui vous sera finalement r\u00e9serv\u00e9e peut varier selon la r\u00e9colte du jour. Elle pourra par exemple \u00eatre un peu plus faible en d\u00e9but de p\u00e9riode de r\u00e9colte des courgettes, et un peu plus importante en milieu de saison. Nous essayons d&#8217;honorer les quantit\u00e9s demand\u00e9es en pr\u00e9voyant syst\u00e9matiquement une production exc\u00e9dentaire&nbsp;de 10 \u00e0 20%, pour int\u00e9grer les al\u00e9as climatiques et les ravageurs normaux des cultures bio.<\/p>\n\n\n\n<p>La r\u00e9colte est syst\u00e9matiquement partag\u00e9e int\u00e9gralement entre tous les mangeurs de ce l\u00e9gume. Une portion de tomate anciennes peut ainsi varier entre 500g (en juillet et octobre) et 2kg (en ao\u00fbt 2020). Vous ne payez pas de diff\u00e9rence pour les grosses portions, nous n&#8217;en remboursons pas non plus les jours d&#8217;invasion de limaces.<\/p>\n\n\n\n<h4>Est-ce que je dois prendre des l\u00e9gumes chaque semaine ?<\/h4>\n\n\n\n<p>Non, vous choisissez la fr\u00e9quence qui vous convient. Chaque mardi ou un mardi sur 2. <\/p>\n\n\n\n<p>Vous pouvez aussi demander une quantit\u00e9 unique plus importante, par exemple pour r\u00e9aliser des conserves ou des surgel\u00e9s. Elle vous sera propos\u00e9e au moment d&#8217;un pic de production pour vous assurer une quantit\u00e9 g\u00e9n\u00e9reuse, sauf si vous nous contactez pour un autre arrangement.<\/p>\n\n\n\n<p>La fr\u00e9quence de votre abonnement est fixe. Proposez donc \u00e0 votre voisine ou cousin de venir r\u00e9cup\u00e9rer votre panier la semaine o\u00f9 vous \u00eates partis en vacances.<\/p>\n\n\n\n<h4>Quand aurai-je mes l\u00e9gumes ?<\/h4>\n\n\n\n<p>Vos l\u00e9gumes seront disponibles de mai \u00e0 d\u00e9cembre, le mardi, entre 17 et 19h \u00e0 Beckerich (voir <a href=\"https:\/\/news.vunderatert.lu\/plan-dacces\/\" data-type=\"page\" data-id=\"440\">plan d&#8217;acc\u00e8s<\/a>). Nous essayerons d&#8217;installer une cave accessible en dehors de ces heures dans un futur proche.<\/p>\n\n\n\n<h4>Je voudrais jardiner, est-ce possible ?<\/h4>\n\n\n\n<p>Oui. Nous organiserons vraisemblablement des &#171;samedi matin au jardin&#187; r\u00e9guli\u00e8rement. Ouvert aux familles en suivant les consignes sanitaires en vigueur. On pourra y jardiner, bricoler, apprendre, observer, \u00e9changer,&#8230; le tout utilement et agr\u00e9ablement.<\/p>\n\n\n\n<p>Nous accueillons aussi des apprenti.e.s et de nouveaux partenaires. <a href=\"https:\/\/news.vunderatert.lu\/contact\/\" data-type=\"page\" data-id=\"267\">Contactez-nous<\/a> si vous \u00eates int\u00e9ress\u00e9.e.<\/p>\n\n\n\n<h4>Je ne veux <em>pas<\/em> jardiner ! Est-ce possible ?<\/h4>\n\n\n\n<p>Oui. Vous pouvez cependant participer activement \u00e0 d&#8217;autres activit\u00e9s de la coop\u00e9rative (pressage de jus de pommes, fabrication ou entretien d&#8217;outils, promotion, secr\u00e9tariat, transport,&#8230;) selon vos comp\u00e9tences et possibilit\u00e9s.<\/p>\n\n\n\n<p>Convaincu.e ? Abonnez-vous !<\/p>\n\n\n\n<div class=\"is-layout-flex wp-block-buttons is-content-justification-center\">\n<div class=\"wp-block-button scroll\"><a class=\"wp-block-button__link\" href=\"#formulaire\">s&#8217;ABONNER \u00e0 un panier de saison<\/a><\/div>\n<\/div>\n\n\n\n<p>Encore des questions ? <a href=\"https:\/\/news.vunderatert.lu\/contact\/\" data-type=\"page\" data-id=\"267\">Envoyez-nous un petit email <\/a>!<\/p>\n\n\n\n<h3 id=\"formulaire\"> Abonnement au panier de l\u00e9gumes vari\u00e9s<\/h3>\n\n\n\n<p>Remplissez le formulaire ci-dessous pour vous abonner au panier de l\u00e9gumes vari\u00e9s \u00e0 la taille et la fr\u00e9quence qui vous convient.<\/p>\n\n\n\n<div class=\"wp-block-contact-form-7-contact-form-selector\">\n<div class=\"wpcf7 no-js\" id=\"wpcf7-f1180-o1\" lang=\"fr-FR\" dir=\"ltr\">\n<div class=\"screen-reader-response\"><p role=\"status\" aria-live=\"polite\" aria-atomic=\"true\"><\/p> <ul><\/ul><\/div>\n<form action=\"\/lu\/wp-json\/wp\/v2\/pages\/466#wpcf7-f1180-o1\" method=\"post\" class=\"wpcf7-form init\" aria-label=\"Formulaire de contact\" novalidate=\"novalidate\" data-status=\"init\">\n<div style=\"display: none;\">\n<input type=\"hidden\" name=\"_wpcf7\" value=\"1180\" \/>\n<input type=\"hidden\" name=\"_wpcf7_version\" value=\"5.7.4\" \/>\n<input type=\"hidden\" name=\"_wpcf7_locale\" value=\"fr_FR\" \/>\n<input type=\"hidden\" name=\"_wpcf7_unit_tag\" value=\"wpcf7-f1180-o1\" \/>\n<input type=\"hidden\" name=\"_wpcf7_container_post\" value=\"0\" \/>\n<input type=\"hidden\" name=\"_wpcf7_posted_data_hash\" value=\"\" \/>\n<\/div>\n<h4>Vos coordonn\u00e9es\n\t<h4><br \/>\n<span class=\"wpcf7-form-control-wrap\" data-name=\"salutation\"><select class=\"wpcf7-form-control wpcf7-select wpcf7-validates-as-required\" aria-required=\"true\" aria-invalid=\"false\" name=\"salutation\"><option value=\"madame\">madame<\/option><option value=\"mademoiselle\">mademoiselle<\/option><option value=\"monsieur\">monsieur<\/option><option value=\"\"><\/option><\/select><\/span><br \/>\n<span class=\"wpcf7-form-control-wrap\" data-name=\"nom\"><input size=\"40\" class=\"wpcf7-form-control wpcf7-text wpcf7-validates-as-required\" aria-required=\"true\" aria-invalid=\"false\" placeholder=\"Nom\" value=\"\" type=\"text\" name=\"nom\" \/><\/span> <span class=\"wpcf7-form-control-wrap\" data-name=\"prenom\"><input size=\"40\" class=\"wpcf7-form-control wpcf7-text wpcf7-validates-as-required\" aria-required=\"true\" aria-invalid=\"false\" placeholder=\"Pr\u00e9nom\" value=\"\" type=\"text\" name=\"prenom\" \/><\/span><br \/>\n<span class=\"wpcf7-form-control-wrap\" data-name=\"rue\"><input size=\"40\" class=\"wpcf7-form-control wpcf7-text wpcf7-validates-as-required\" aria-required=\"true\" aria-invalid=\"false\" placeholder=\"rue et num\u00e9ro\" value=\"\" type=\"text\" name=\"rue\" \/><\/span> <span class=\"wpcf7-form-control-wrap\" data-name=\"loc\"><input size=\"40\" class=\"wpcf7-form-control wpcf7-text wpcf7-validates-as-required\" aria-required=\"true\" aria-invalid=\"false\" placeholder=\"CP et localit\u00e9\" value=\"\" type=\"text\" name=\"loc\" \/><\/span><br \/>\n<span class=\"wpcf7-form-control-wrap\" data-name=\"mail\"><input size=\"40\" class=\"wpcf7-form-control wpcf7-text wpcf7-email wpcf7-validates-as-required wpcf7-validates-as-email\" aria-required=\"true\" aria-invalid=\"false\" placeholder=\"e-mail\" value=\"\" type=\"email\" name=\"mail\" \/><\/span> <span class=\"wpcf7-form-control-wrap\" data-name=\"mailCC\"><input size=\"40\" class=\"wpcf7-form-control wpcf7-text wpcf7-email wpcf7-validates-as-email\" aria-invalid=\"false\" placeholder=\"autre email pour une copie (facultatif)\" value=\"\" type=\"email\" name=\"mailCC\" \/><\/span><br \/>\n<span class=\"wpcf7-form-control-wrap\" data-name=\"tel\"><input size=\"40\" class=\"wpcf7-form-control wpcf7-text wpcf7-tel wpcf7-validates-as-required wpcf7-validates-as-tel\" aria-required=\"true\" aria-invalid=\"false\" placeholder=\"T\u00e9l\u00e9phone\" value=\"\" type=\"tel\" name=\"tel\" \/><\/span><br \/>\n\t\t<h4>Votre abonnement\n\t\t<\/h4><br \/>\nJe m\u2019abonne au panier de l\u00e9gumes de Vun der Atert et je choisis comme formule de panier:<br \/>\n<span class=\"wpcf7-form-control-wrap\" data-name=\"panier\"><select class=\"wpcf7-form-control wpcf7-select wpcf7-validates-as-required\" aria-required=\"true\" aria-invalid=\"false\" name=\"panier\"><option value=\"un grand panier chaque semaine (990\u20ac)\">un grand panier chaque semaine (990\u20ac)<\/option><option value=\"un grand panier une semaine sur 2 (500\u20ac)\">un grand panier une semaine sur 2 (500\u20ac)<\/option><option value=\"un petit panier chaque semaine (600\u20ac)\">un petit panier chaque semaine (600\u20ac)<\/option><option value=\"un petit panier une semaine sur 2 (300\u20ac)\">un petit panier une semaine sur 2 (300\u20ac)<\/option><\/select><\/span><br \/>\nJe choisis de soutenir le projet avec un compl\u00e9ment solidaire de <span class=\"wpcf7-form-control-wrap\" data-name=\"complement\"><input size=\"40\" class=\"wpcf7-form-control wpcf7-text\" aria-invalid=\"false\" placeholder=\"montant libre\" value=\"\" type=\"text\" name=\"complement\" \/><\/span><br \/>\nJe souhaite payer en <span class=\"wpcf7-form-control-wrap\" data-name=\"paiement\"><span class=\"wpcf7-form-control wpcf7-radio\"><span class=\"wpcf7-list-item first\"><input type=\"radio\" name=\"paiement\" value=\"1 fois\" checked=\"checked\" \/><span class=\"wpcf7-list-item-label\">1 fois<\/span><\/span><span class=\"wpcf7-list-item last\"><input type=\"radio\" name=\"paiement\" value=\"3 tranches (50% \u00e0 la commande + 25% juillet + 25% septembre)\" \/><span class=\"wpcf7-list-item-label\">3 tranches (50% \u00e0 la commande + 25% juillet + 25% septembre)<\/span><\/span><\/span><\/span><br \/>\nIl est aussi possible de payer en BEKI, sur rendez-vous.<br \/>\n\t\t<h4>C\u00f4t\u00e9 pratique\n\t\t<\/h4><br \/>\nJe souhaite participer au covoiturage des paniers de l\u00e9gumes pour \u00e9conomiser quelques trajets, et accepte que mes coordonn\u00e9es soient partag\u00e9es avec les autres membres de ce groupe: <span class=\"wpcf7-form-control-wrap\" data-name=\"vegepool\"><span class=\"wpcf7-form-control wpcf7-radio\"><span class=\"wpcf7-list-item first\"><input type=\"radio\" name=\"vegepool\" value=\"oui\" checked=\"checked\" \/><span class=\"wpcf7-list-item-label\">oui<\/span><\/span><span class=\"wpcf7-list-item last\"><input type=\"radio\" name=\"vegepool\" value=\"non\" \/><span class=\"wpcf7-list-item-label\">non<\/span><\/span><\/span><\/span><br \/>\nJe suis int\u00e9ress\u00e9.e par un service de livraison dans ma localit\u00e9 ou \u00e0 domicile, \u00e0 confirmer selon le prix qui sera propos\u00e9 <span class=\"wpcf7-form-control-wrap\" data-name=\"livraison\"><span class=\"wpcf7-form-control wpcf7-radio\"><span class=\"wpcf7-list-item first\"><input type=\"radio\" name=\"livraison\" value=\"oui\" \/><span class=\"wpcf7-list-item-label\">oui<\/span><\/span><span class=\"wpcf7-list-item last\"><input type=\"radio\" name=\"livraison\" value=\"non\" checked=\"checked\" \/><span class=\"wpcf7-list-item-label\">non<\/span><\/span><\/span><\/span><br \/>\nJ'aime moins les l\u00e9gumes suivants:<br \/>\n<span class=\"wpcf7-form-control-wrap\" data-name=\"bof\"><input size=\"40\" class=\"wpcf7-form-control wpcf7-text\" aria-invalid=\"false\" placeholder=\"maximum 3 l\u00e9gumes\" value=\"\" type=\"text\" name=\"bof\" \/><\/span><br \/>\nJ'aime beaucoup les l\u00e9gumes suivants:<br \/>\n<span class=\"wpcf7-form-control-wrap\" data-name=\"miam\"><input size=\"40\" class=\"wpcf7-form-control wpcf7-text\" aria-invalid=\"false\" placeholder=\"maximum 3 l\u00e9gumes\" value=\"\" type=\"text\" name=\"miam\" \/><\/span><br \/>\n\t\t<h4>Votre avis nous int\u00e9resse\u202f!\n\t\t<\/h4><br \/>\nComment avez-vous d\u00e9couvert la coop\u00e9rative Vun der Atert?<br \/>\n<span class=\"wpcf7-form-control-wrap\" data-name=\"origine\"><textarea cols=\"60\" rows=\"3\" class=\"wpcf7-form-control wpcf7-textarea\" aria-invalid=\"false\" placeholder=\"une connaissance, un mail, un article de presse, mon \u00e9picier, la saison pr\u00e9c\u00e9dente,...\" name=\"origine\"><\/textarea><\/span><br \/>\n<span class=\"wpcf7-form-control-wrap\" data-name=\"suggestion\"><textarea cols=\"60\" rows=\"3\" class=\"wpcf7-form-control wpcf7-textarea\" aria-invalid=\"false\" placeholder=\"Une suggestion, proposition, id\u00e9e ou remarque?\" name=\"suggestion\"><\/textarea><\/span><br \/>\n<input class=\"wpcf7-form-control has-spinner wpcf7-submit\" type=\"submit\" value=\"Envoyer\" \/>\n\t<\/h4>\n<\/h4><input type=\"text\" name=\"gqQZo\" value=\"\" style=\"display: none !important;\" \/><div class=\"wpcf7-response-output\" aria-hidden=\"true\"><\/div>\n<\/form>\n<\/div>\n<\/div>\n","protected":false},"excerpt":{"rendered":"<p>Bestellt elo mam Onlineformulaire \u00e4rt Lokaalgem\u00e9is fir d\u2019Saison 2022. An dem Rythmus w\u00e9i et Iech passt, d\u00ebnschdes, t\u00ebschent Mee an Dezember, zu Biekerech. Mir k\u00ebmmeren eis \u00ebm den Ubau, ouni Pestiziden, OMG, op Basis vun der solidarescher Landwirtschaft. Commandez en ligne vos l\u00e9gumes pour la saison 2022. Ils seront disponibles \u00e0 Beckerich \u00e0 la fr\u00e9quence&hellip;&nbsp;<a href=\"https:\/\/news.vunderatert.lu\/about-us\/zaitgemeis\/\" class=\"\" rel=\"bookmark\">Weiterlesen &raquo;<span class=\"screen-reader-text\">Z\u00e4itGem\u00e9is<\/span><\/a><\/p>\n","protected":false},"author":1,"featured_media":333,"parent":265,"menu_order":0,"comment_status":"closed","ping_status":"closed","template":"","meta":{"neve_meta_sidebar":"right","neve_meta_container":"contained","neve_meta_enable_content_width":"off","neve_meta_content_width":100,"neve_meta_title_alignment":"","neve_meta_author_avatar":"","neve_post_elements_order":"","neve_meta_disable_header":"","neve_meta_disable_footer":"","neve_meta_disable_title":"","_themeisle_gutenberg_block_has_review":false},"_links":{"self":[{"href":"https:\/\/news.vunderatert.lu\/wp-json\/wp\/v2\/pages\/466"}],"collection":[{"href":"https:\/\/news.vunderatert.lu\/wp-json\/wp\/v2\/pages"}],"about":[{"href":"https:\/\/news.vunderatert.lu\/wp-json\/wp\/v2\/types\/page"}],"author":[{"embeddable":true,"href":"https:\/\/news.vunderatert.lu\/wp-json\/wp\/v2\/users\/1"}],"replies":[{"embeddable":true,"href":"https:\/\/news.vunderatert.lu\/wp-json\/wp\/v2\/comments?post=466"}],"version-history":[{"count":0,"href":"https:\/\/news.vunderatert.lu\/wp-json\/wp\/v2\/pages\/466\/revisions"}],"up":[{"embeddable":true,"href":"https:\/\/news.vunderatert.lu\/wp-json\/wp\/v2\/pages\/265"}],"wp:featuredmedia":[{"embeddable":true,"href":"https:\/\/news.vunderatert.lu\/wp-json\/wp\/v2\/media\/333"}],"wp:attachment":[{"href":"https:\/\/news.vunderatert.lu\/wp-json\/wp\/v2\/media?parent=466"}],"curies":[{"name":"wp","href":"https:\/\/api.w.org\/{rel}","templated":true}]}}