{"id":881,"date":"2020-11-25T16:22:52","date_gmt":"2020-11-25T15:22:52","guid":{"rendered":"https:\/\/news.vunderatert.lu\/?page_id=881"},"modified":"2020-11-25T16:22:53","modified_gmt":"2020-11-25T15:22:53","slug":"cgv","status":"publish","type":"page","link":"https:\/\/news.vunderatert.lu\/cgv\/","title":{"rendered":"Conditions g\u00e9n\u00e9rales de vente et d\u2019utilisation"},"content":{"rendered":"\n<div class=\"wp-block-themeisle-blocks-advanced-columns has-1-columns has-desktop-equal-layout has-tablet-equal-layout has-mobile-equal-layout has-default-gap has-vertical-unset\" id=\"wp-block-themeisle-blocks-advanced-columns-51e3b38a\"><div class=\"wp-block-themeisle-blocks-advanced-columns-overlay\"><\/div><div class=\"innerblocks-wrap\">\n<div class=\"wp-block-themeisle-blocks-advanced-column\" id=\"wp-block-themeisle-blocks-advanced-column-79679101\">\n<p>Toute transaction conclue via notre site vunderatert.lu implique l&#8217;adh\u00e9sion sans r\u00e9serve de l&#8217;acheteur aux pr\u00e9sentes conditions g\u00e9n\u00e9rales de vente, ainsi qu&#8217;aux <a href=\"https:\/\/news.vunderatert.lu\/politique-de-confidentialite\/\" data-type=\"page\" data-id=\"3\">conditions de protection de votre vie priv\u00e9e<\/a>.<\/p>\n\n\n\n<h3>Paiement <\/h3>\n\n\n\n<p>Nos factures sont payables net et sans escompte \u00e0 la r\u00e9ception, en mentionnant le num\u00e9ro de facture en communication par virement bancaire, en main propre en cash ou BEKI, ou via un moyen de paiement digital. Les co\u00fbts de transactions li\u00e9s \u00e0 l&#8217;utilisation d&#8217;un moyen de paiement en ligne seront ajout\u00e9s \u00e0 la facture. Toute contestation \u00e9ventuelle de la facture ne pourra \u00eatre accept\u00e9e apr\u00e8s un d\u00e9lai de 8 jours \u00e0 dater de leur \u00e9mission.<\/p>\n\n\n\n<p>En cas de non paiement 30 jours apr\u00e8s la date de facturation, le montant de la facture sera automatiquement major\u00e9, et sans pr\u00e9avis, d&#8217;un int\u00e9ret de 1.5% par mois depuis la date de facturation. Le client sera en outre tenu de payer en sus un d\u00e9dommagement administratif \u00e9gal \u00e0 10% du montant de la facture, avec un minimum de 50EUR.<\/p>\n\n\n\n<h3>Livraison \/ enl\u00e8vement<\/h3>\n\n\n\n<p>Le client sera pr\u00e9venu par email d\u00e8s que sa commande est pr\u00eate. Sauf mention contraire explicite les biens vendus sont \u00e0 venir enlever par le client aupr\u00e8s de la coop\u00e9rative au moment convenu ou dans les plus brefs d\u00e9lais. Les livraisons \u00e9ventuelles se font aux risques du destinataire.<\/p>\n\n\n\n<p>Le d\u00e9lai de mise \u00e0 disposition indiqu\u00e9 lors de l&#8217;enregistrement de la commande est donn\u00e9 \u00e0 titre indicatif et n&#8217;est aucunement garanti. La coop\u00e9rative d\u00e9cline toute responsabilit\u00e9 pour une d\u00e9gradation des biens due \u00e0 un enl\u00e8vement tardif par le client.<\/p>\n\n\n\n<h3>Litiges<\/h3>\n\n\n\n<p>En cas de litige, seuls les tribunaux de Luxembourg sont comp\u00e9tents. <\/p>\n<\/div>\n<\/div><\/div>\n","protected":false},"excerpt":{"rendered":"<p>Toute transaction conclue via notre site vunderatert.lu implique l&#8217;adh\u00e9sion sans r\u00e9serve de l&#8217;acheteur aux pr\u00e9sentes conditions g\u00e9n\u00e9rales de vente, ainsi qu&#8217;aux conditions de protection de votre vie priv\u00e9e. Paiement Nos factures sont payables net et sans escompte \u00e0 la r\u00e9ception, en mentionnant le num\u00e9ro de facture en communication par virement bancaire, en main propre en&hellip;&nbsp;<a href=\"https:\/\/news.vunderatert.lu\/cgv\/\" class=\"\" rel=\"bookmark\">Weiterlesen &raquo;<span class=\"screen-reader-text\">Conditions g\u00e9n\u00e9rales de vente et d\u2019utilisation<\/span><\/a><\/p>\n","protected":false},"author":1,"featured_media":882,"parent":0,"menu_order":0,"comment_status":"closed","ping_status":"closed","template":"","meta":{"neve_meta_sidebar":"full-width","neve_meta_container":"","neve_meta_enable_content_width":"on","neve_meta_content_width":100,"neve_meta_title_alignment":"","neve_meta_author_avatar":"","neve_post_elements_order":"","neve_meta_disable_header":"","neve_meta_disable_footer":"","neve_meta_disable_title":"","_themeisle_gutenberg_block_has_review":false},"_links":{"self":[{"href":"https:\/\/news.vunderatert.lu\/wp-json\/wp\/v2\/pages\/881"}],"collection":[{"href":"https:\/\/news.vunderatert.lu\/wp-json\/wp\/v2\/pages"}],"about":[{"href":"https:\/\/news.vunderatert.lu\/wp-json\/wp\/v2\/types\/page"}],"author":[{"embeddable":true,"href":"https:\/\/news.vunderatert.lu\/wp-json\/wp\/v2\/users\/1"}],"replies":[{"embeddable":true,"href":"https:\/\/news.vunderatert.lu\/wp-json\/wp\/v2\/comments?post=881"}],"version-history":[{"count":0,"href":"https:\/\/news.vunderatert.lu\/wp-json\/wp\/v2\/pages\/881\/revisions"}],"wp:featuredmedia":[{"embeddable":true,"href":"https:\/\/news.vunderatert.lu\/wp-json\/wp\/v2\/media\/882"}],"wp:attachment":[{"href":"https:\/\/news.vunderatert.lu\/wp-json\/wp\/v2\/media?parent=881"}],"curies":[{"name":"wp","href":"https:\/\/api.w.org\/{rel}","templated":true}]}}